{"id":129,"date":"2019-03-12T07:40:20","date_gmt":"2019-03-12T06:40:20","guid":{"rendered":"https:\/\/zv-mittelerde.com\/?page_id=129"},"modified":"2025-01-02T21:45:28","modified_gmt":"2025-01-02T20:45:28","slug":"die-zuechter","status":"publish","type":"page","link":"https:\/\/zv-mittelerde.com\/de\/die-zuechter\/","title":{"rendered":"Die Z\u00fcchter"},"content":{"rendered":"\n<h2 class=\"wp-block-heading\" id=\"helmut-ewenz\">Helmut Ewenz\t<\/h2>\n\n\n\n<figure class=\"wp-block-image size-large\"><img data-opt-id=1782031902  fetchpriority=\"high\" loading=\"eager\" decoding=\"async\" width=\"1024\" height=\"724\" src=\"https:\/\/ml4lkx9mggju.i.optimole.com\/w:1024\/h:724\/q:mauto\/g:sm\/f:best\/ig:avif\/https:\/\/zv-mittelerde.com\/wp-content\/uploads\/2020\/02\/IMG_7597-1.jpeg\" alt=\"\" class=\"wp-image-1497\" srcset=\"https:\/\/ml4lkx9mggju.i.optimole.com\/w:1024\/h:724\/q:mauto\/g:sm\/f:best\/ig:avif\/https:\/\/zv-mittelerde.com\/wp-content\/uploads\/2020\/02\/IMG_7597-1.jpeg 1024w, https:\/\/ml4lkx9mggju.i.optimole.com\/w:300\/h:212\/q:mauto\/g:sm\/f:best\/ig:avif\/https:\/\/zv-mittelerde.com\/wp-content\/uploads\/2020\/02\/IMG_7597-1.jpeg 300w, https:\/\/ml4lkx9mggju.i.optimole.com\/w:768\/h:543\/q:mauto\/g:sm\/f:best\/ig:avif\/https:\/\/zv-mittelerde.com\/wp-content\/uploads\/2020\/02\/IMG_7597-1.jpeg 768w, https:\/\/ml4lkx9mggju.i.optimole.com\/w:1365\/h:965\/q:mauto\/g:sm\/f:best\/ig:avif\/https:\/\/zv-mittelerde.com\/wp-content\/uploads\/2020\/02\/IMG_7597-1.jpeg 1365w, https:\/\/ml4lkx9mggju.i.optimole.com\/w:1365\/h:965\/q:mauto\/g:sm\/f:best\/ig:avif\/dpr:2\/https:\/\/zv-mittelerde.com\/wp-content\/uploads\/2020\/02\/IMG_7597-1.jpeg 2x\" sizes=\"auto, (max-width: 750px) 100vw, 750px\" \/><\/figure>\n\n\n\n<p>Helmut Ewenz, geboren 1960 in Wei\u00dfenthurm, \u00fcbernahm 1978 das <a href=\"http:\/\/www.birkenhof.com\">Reitsportzentrum Gut&nbsp;Birkenhof<\/a>&nbsp;in Bonefeld und betreibt dieses zusammen mit Frau Ursula und Tochter Denise.<\/p>\n\n\n\n<p>Helmut Ewenz hat ein Auge f\u00fcr Pferde! Das bewies er bereits mehrfach! So z.B. mit dem Kauf von Ponyhengst High Noon, der unter seiner F\u00fchrung f\u00fcnf- und sechsj\u00e4hrig Bundeschampion der Springponys in Warendorf wurde. Und auch mit C-Back to Germany, einem KWPN Hengst von Eurocommerce Berlin (Caspar x Libero H x Exkurs XX), den er bei der Hengstk\u00f6rung des Zweibr\u00fccker Verbandes erfolgreich vorstellte.<\/p>\n\n\n\n<p>Und als Helmut dann die M\u00f6glichkeit hatte, <a href=\"https:\/\/zv-mittelerde.com\/de\/pferde\/s-capitola\/\">S-Capitola (v. Cardino x Capitol I)<\/a> als Zuchtstute in seinen Stall zu holen, stand die Entscheidung fest &#8211; er wollte selbst erfolgreiche Sportpferde z\u00fcchten &#8211; mit Capitola, der Mutter Con Quidam v. Quinar, der sich in den folgenden Jahren unter Sanne Thijssen, NL, zum Weltstar entwickeln sollte. Helmuts erstes selbst gezogenes Fohlen aus der Capitola, der Hengst Ustinov von der Mittelerde von Uriko, geboren 2016, wurde im Alter von drei Jahren unter den Augen von mehr als 5000 Z\u00fcchtern und Anh\u00e4ngern der Pferdezucht im November 2019 in Vechta beim Oldenburger Pferdezucht Verband unter tosendem Applaus gek\u00f6rt. Inzwischen ist er acht Jahre alt und siegreich auf S** Niveau (1,45m).<\/p>\n\n\n\n<p>Helmut ist aber auch aktiv in der Dressurpferde Zucht. Mit Stute Romina HM sowie St.Pr.St. Loretta hat er bereits gro\u00dfartige Dressurfohlen gez\u00fcchtet, die fast ausnahmslos pr\u00e4miert wurden und sich inzwischen auf den gro\u00dfen Sport vorbereiten.<\/p>\n\n\n\n<p>Dar\u00fcber hinaus hat Helmut immer einen offenen Blick f\u00fcr \u00fcberragende Mutterlinien. Aus diesem Grund war der Kauf von Olivia van&#8217;t Breezerhof und damit eine Investition in den ber\u00fchmten Oldenburger Rudilore Stamm f\u00fcr ihn keine Frage. &#8222;Einen solchen Stutenstamm zu besitzen ist schon etwas Aussergew\u00f6hnliches&#8220; so Helmut Ewenz nach seiner Kaufentscheidung. Und: Recht hat er, denn Olivias Gro\u00dfmutter ist u.a. Schwester zu den Vererberlegenden Rubin Royal OLD, Blue Hors Romanov oder Blue Hors Rockefeller.<\/p>\n\n\n\n<p>Hier die gesamte Zucht-Kollektion von Helmut, die in den kommenden Jahren zur Verf\u00fcgung stehen wird:<\/p>\n\n\n\n<ul class=\"wp-block-list\">\n<li><a href=\"https:\/\/zv-mittelerde.com\/de\/pferde\/romina\/\">Romina HM<\/a> (Riccio NRW x New Castle x Fabelhaft), *2005<\/li>\n\n\n\n<li>St.Pr.St. Loretta (Lord Loxley x Ricardos x Ferragamo), &#8211; <a href=\"https:\/\/zv-mittelerde.com\/de\/st-pr-st-finesse\/\">Stamm der Finesse<\/a><\/li>\n\n\n\n<li><a href=\"https:\/\/zv-mittelerde.com\/de\/pferde\/olivia-vant-breezerhof\/\">Olivia van&#8217;t Breezerhof<\/a>&nbsp;(Painted Black x Okeanos x Davignon I), *2019 &#8211; <a href=\"https:\/\/zv-mittelerde.com\/de\/elite-st-rumirell\/\">Stamm der Rudilore<\/a><\/li>\n\n\n\n<li><a href=\"https:\/\/zv-mittelerde.com\/de\/pferde\/kayley-dv\/\">Kayley DV<\/a> (Ustinov x Kannan x Darco), *2010 &#8211; <a href=\"https:\/\/zv-mittelerde.com\/de\/anouska-van-de-fruitkorf\/\">Stamm der Anouska van de Fruitkorf<\/a><\/li>\n\n\n\n<li><a href=\"https:\/\/zv-mittelerde.com\/de\/pferde\/my-fantasy-me\/\">My Fantasy ME<\/a> (Mylord Carthago x Nekton x Clearway), *2018 &#8211; <a href=\"https:\/\/zv-mittelerde.com\/de\/fatima-me-holsteiner-stamm-741\/\">Holsteiner Stamm 741<\/a><\/li>\n\n\n\n<li><a href=\"https:\/\/zv-mittelerde.com\/de\/pferde\/dial-my-number-me\/\">Dial my Number ME<\/a> (Diamant de Semilly x Cardino x Capitol I), *2018 &#8211; <a href=\"https:\/\/zv-mittelerde.com\/de\/elite-vi-holsteiner-stamm-1446\/\">Holst. St. 1446, Elite VI<\/a><\/li>\n\n\n\n<li><a href=\"https:\/\/zv-mittelerde.com\/de\/pferde\/kashmina-me\/\">Kashmina ME <\/a>(Kashmir van&#8217;t Schuttershof x Cardino x CapitolI), *2018 &#8211; <a href=\"https:\/\/zv-mittelerde.com\/de\/elite-vi-holsteiner-stamm-1446\/\">Holst. St. 1446, Elite VI<\/a><\/li>\n\n\n\n<li><a href=\"https:\/\/zv-mittelerde.com\/de\/pferde\/only-you-me\/\">Only You ME<\/a> (Cardento x Big Shuffle XX x Acatenango XX), *2019<\/li>\n\n\n\n<li><a href=\"https:\/\/zv-mittelerde.com\/de\/pferde\/umbar-von-der-mittelerde\/\">Umbar von der Mittelerde<\/a> (Ustinov vd Mittelerde x Untouchable), *2021 <a href=\"https:\/\/zv-mittelerde.com\/de\/narcotique-de-muze-ii-qerly-chin\/\">(Qerly Chin)<\/a><\/li>\n\n\n\n<li><a href=\"https:\/\/zv-mittelerde.com\/de\/pferde\/ubelle-von-der-mittelerde\/\">Ubelle von der Mittelerde<\/a> (Ustinov vd Mittelerde x Quick Star x Diamant de Semilly), *2019 &#8211; <a href=\"https:\/\/zv-mittelerde.com\/de\/la-belle-van-sombeke\/\">Stamm der La Belle van Sombeke<\/a><\/li>\n<\/ul>\n\n\n\n<h2 class=\"wp-block-heading\" id=\"gebhard-jansen\">Gebhard Jansen<\/h2>\n\n\n\n<figure class=\"wp-block-image size-large\"><img data-opt-id=1811606872  fetchpriority=\"high\" loading=\"eager\" decoding=\"async\" width=\"1024\" height=\"683\" src=\"https:\/\/ml4lkx9mggju.i.optimole.com\/w:1024\/h:683\/q:mauto\/g:sm\/f:best\/ig:avif\/https:\/\/zv-mittelerde.com\/wp-content\/uploads\/2019\/06\/Zchterfoto.jpg\" alt=\"\" class=\"wp-image-275\" srcset=\"https:\/\/ml4lkx9mggju.i.optimole.com\/w:1024\/h:683\/q:mauto\/g:sm\/f:best\/ig:avif\/https:\/\/zv-mittelerde.com\/wp-content\/uploads\/2019\/06\/Zchterfoto.jpg 1024w, https:\/\/ml4lkx9mggju.i.optimole.com\/w:300\/h:200\/q:mauto\/g:sm\/f:best\/ig:avif\/https:\/\/zv-mittelerde.com\/wp-content\/uploads\/2019\/06\/Zchterfoto.jpg 300w, https:\/\/ml4lkx9mggju.i.optimole.com\/w:768\/h:512\/q:mauto\/g:sm\/f:best\/ig:avif\/https:\/\/zv-mittelerde.com\/wp-content\/uploads\/2019\/06\/Zchterfoto.jpg 768w, https:\/\/ml4lkx9mggju.i.optimole.com\/w:360\/h:240\/q:mauto\/g:sm\/f:best\/ig:avif\/https:\/\/zv-mittelerde.com\/wp-content\/uploads\/2019\/06\/Zchterfoto.jpg 360w, https:\/\/ml4lkx9mggju.i.optimole.com\/w:1024\/h:683\/q:mauto\/g:sm\/f:best\/ig:avif\/dpr:2\/https:\/\/zv-mittelerde.com\/wp-content\/uploads\/2019\/06\/Zchterfoto.jpg 2x\" sizes=\"auto, (max-width: 750px) 100vw, 750px\" \/><\/figure>\n\n\n\n<p>Gebhard Jansen, geb. 1960, ist \u00fcber seine Familie zur Zucht gekommen und seitdem vertieft in die Vision, selbst Top-Sportpferde zu z\u00fcchten.<\/p>\n\n\n\n<p>Mit <a href=\"http:\/\/www.birkenhof.com\">La Rouge<\/a>, einer Hannoveraner Springstute von Lanthan x Arsenik, die mit Tochter Linda bis M** erfolgreich war, fing alles an. Gem\u00e4\u00df seiner Vision setzte er nur Spitzenhengste aus dem ganz gro\u00dfen Sport ein und so z\u00fcchtete er mit La Rouge vier Nachkommen; je einen Wallach von For Pleasure und Chacco-Blue sowie zwei Stuten von Goldfever.<\/p>\n\n\n\n<p>Die beiden Wallache haben eine sch\u00f6ne Karriere im Springsport gemacht. Sie sind bzw. waren in nationalen S**-Springpr\u00fcfungen (1,45m) erfolgreich.<\/p>\n\n\n\n<p>Bei den Stuten war es Golden Sunshine (*2011), die 2017 mit dem Hengstfohlen Conbrio von der Mittelerde (v. Comme il Faut) zur OS H.Pr.St. (Oldenburger Hauptpr\u00e4mien Stute) gek\u00fcrt wurde bevor sie den Besitzer wechselte.<\/p>\n\n\n\n<p>Goldfever Stute Nr. 2, Golden Moonlight (*2012), selbst durch eine Verletzung im Fohlenalter nie im Sport gewesen, wurde 2024 aufgrund der sportlichen Leistungen ihrer Nachkommen der OS Elite Status verliehen. Mit Big Moon Rising von der Mittelerde von Olympiasieger Big Star bekam sie nicht nur ihren ersten Top Sportler sondern gleichzeitig auch eine erfolgreiche Zuchtstute. Aktuell startet Big Moon Rising in S** Pr\u00fcfungen (1,45m). Ihre ersten beiden Fohlen wurden beide zu Elitefohlen pr\u00e4miert. Big Moon Rising selbst wurde ebenfalls mit dem OS Elite Stuten Pr\u00e4dikat ausgezeichnet.<\/p>\n\n\n\n<p>Da in der Z\u00fcchtervereinigung aber ein ganz besonderer Fokus auf beste Mutterlinien gerichtet ist, war der weitere Schritt nur konsequent &#8211; 2017 kam Lizzy ME dazu. Lizzy, Geburtsname <strong>Ulysse de la Pomme<\/strong> von Z\u00fcchter Geert Baertsoen aus Frankreich, kommt aus einem der besten und erfolgreichsten Stutenst\u00e4mme der Welt. 2020 bekamen wir aus ihr bereits ein Fohlen von dem zur Zeit erfolgreichsten Springsportler Tobago Z, der unter Daniel Deusser seit 2015 weit \u00fcber 3.0 Mio \u20ac Gewinnsumme ersprungen hat. In 2021 kamen 3 Fohlen dazu &#8211; von Kannan, George Z und Ustinov von der Mittelerde &#8211; ET macht&#8217;s m\u00f6glich.<\/p>\n\n\n\n<p>Hier ist Gebhards Zucht-Kollektion:<\/p>\n\n\n\n<ul class=\"wp-block-list\">\n<li><a href=\"https:\/\/zv-mittelerde.com\/de\/pferde\/golden-moonlight-me\/\">Golden Moonlight<\/a>&nbsp;(Goldfever x Lanthan x Arsenik), *2012 &#8211; <a href=\"https:\/\/zv-mittelerde.com\/de\/la-rouge-zuchtname-lady-l\/\">La Rouge Linie<\/a><\/li>\n\n\n\n<li><a href=\"https:\/\/zv-mittelerde.com\/de\/pferde\/ulysse-de-la-pomme-z\/\">Ulysse de la Pomme<\/a> (Untouchable x Vigo D&#8217;Arsouilles x For Pleasure), *2017 &#8211; <a href=\"https:\/\/zv-mittelerde.com\/de\/narcotique-de-muze-ii-qerly-chin\/\">Qerly Chin Mutterstamm<\/a><\/li>\n\n\n\n<li><a href=\"https:\/\/zv-mittelerde.com\/de\/pferde\/heather-me\/\">Heather ME<\/a> (Heartbreaker x Cardino x Capitol I), *2019 &#8211; <a href=\"https:\/\/zv-mittelerde.com\/de\/elite-vi-holsteiner-stamm-1446\/\">Holst. St. 1446, Elite VI<\/a><\/li>\n\n\n\n<li><a href=\"https:\/\/zv-mittelerde.com\/de\/pferde\/jolly-girl-ii-kervec\/\">Jolly Girl II de Kervec<\/a> (Conte Bellini x Darco x Jalisco B), *2019 &#8211; <a href=\"https:\/\/zv-mittelerde.com\/de\/fragance-de-chalus\/\">Mutterstamm Fragance de Chalus<\/a><\/li>\n\n\n\n<li><a href=\"https:\/\/zv-mittelerde.com\/de\/pferde\/call-me-usha-z\/\">Call me Usha Z<\/a> (Cornet Obolensky x Kannan x Chin Chin), *2020 &#8211; <a href=\"https:\/\/zv-mittelerde.com\/de\/usha-vant-roosakker\/\">Stamm der Usha van&#8217;t Roosakker<\/a><\/li>\n\n\n\n<li><a href=\"https:\/\/zv-mittelerde.com\/de\/pferde\/hilda-von-der-mittelerde\/\">Hilda von der Mittelerde<\/a> (Heartbreaker x Artos Z x Ramiro Z), *2022 &#8211; <a href=\"https:\/\/zv-mittelerde.com\/de\/fairness-iii\/\">Stamm der Fairness III<\/a><\/li>\n<\/ul>\n\n\n\n<h2 class=\"wp-block-heading\" id=\"die-zuchtervereinigung-oder-der-stall-mittelerde\">Die Z\u00fcchtervereinigung oder der Stall Mittelerde !<\/h2>\n\n\n\n<figure class=\"wp-block-image size-large\"><img data-opt-id=571120634  fetchpriority=\"high\" loading=\"eager\" decoding=\"async\" width=\"1024\" height=\"683\" src=\"https:\/\/ml4lkx9mggju.i.optimole.com\/w:1024\/h:683\/q:mauto\/g:sm\/f:best\/ig:avif\/https:\/\/zv-mittelerde.com\/wp-content\/uploads\/2020\/01\/Jansen_Ewenz-08-14-13-1605-1579682517360.jpeg\" alt=\"\" class=\"wp-image-1419\" srcset=\"https:\/\/ml4lkx9mggju.i.optimole.com\/w:1024\/h:683\/q:mauto\/g:sm\/f:best\/ig:avif\/https:\/\/zv-mittelerde.com\/wp-content\/uploads\/2020\/01\/Jansen_Ewenz-08-14-13-1605-1579682517360.jpeg 1024w, https:\/\/ml4lkx9mggju.i.optimole.com\/w:300\/h:200\/q:mauto\/g:sm\/f:best\/ig:avif\/https:\/\/zv-mittelerde.com\/wp-content\/uploads\/2020\/01\/Jansen_Ewenz-08-14-13-1605-1579682517360.jpeg 300w, https:\/\/ml4lkx9mggju.i.optimole.com\/w:768\/h:512\/q:mauto\/g:sm\/f:best\/ig:avif\/https:\/\/zv-mittelerde.com\/wp-content\/uploads\/2020\/01\/Jansen_Ewenz-08-14-13-1605-1579682517360.jpeg 768w, https:\/\/ml4lkx9mggju.i.optimole.com\/w:1536\/h:1024\/q:mauto\/g:sm\/f:best\/ig:avif\/https:\/\/zv-mittelerde.com\/wp-content\/uploads\/2020\/01\/Jansen_Ewenz-08-14-13-1605-1579682517360.jpeg 1536w, https:\/\/ml4lkx9mggju.i.optimole.com\/w:1619\/h:1080\/q:mauto\/g:sm\/f:best\/ig:avif\/https:\/\/zv-mittelerde.com\/wp-content\/uploads\/2020\/01\/Jansen_Ewenz-08-14-13-1605-1579682517360.jpeg 2048w, https:\/\/ml4lkx9mggju.i.optimole.com\/w:360\/h:240\/q:mauto\/g:sm\/f:best\/ig:avif\/https:\/\/zv-mittelerde.com\/wp-content\/uploads\/2020\/01\/Jansen_Ewenz-08-14-13-1605-1579682517360.jpeg 360w, https:\/\/ml4lkx9mggju.i.optimole.com\/w:1619\/h:1080\/q:mauto\/g:sm\/f:best\/ig:avif\/dpr:2\/https:\/\/zv-mittelerde.com\/wp-content\/uploads\/2020\/01\/Jansen_Ewenz-08-14-13-1605-1579682517360.jpeg 2x\" sizes=\"auto, (max-width: 750px) 100vw, 750px\" \/><\/figure>\n\n\n\n<p>Die Z\u00fcchtervereinigung haben wir mit dem Bau unseres Stall Mittelerde im Jahr 2014 ins Leben gerufen. Alleine z\u00fcchten ist langweilig, haben wir gesagt, und so haben Helmut und Gebhard zusammen mit ihren Familien neben Stallbau auch angefangen, \u00fcber verschiedene gemeinsame Zuchtideen nachzudenken.<\/p>\n\n\n\n<p>Angefangen hatte es mit Fatima ME. Sie haben wir auf einer unserer ausgiebigen Z\u00fcchtertouren als Fohlen gesehen und f\u00fcr uns ausgesucht. Mit Fatima ME aus dem Holsteiner Stamm 741 haben wir einen der besten Stutenst\u00e4mme Holsteins erworben. Fatima war f\u00fcnfj\u00e4hrig bereits bei den Weltmeisterschaften der jungen Springpferde in Lanaken. Und parallel zu ihrer Ausbildung haben wir \u00fcber Embryotransfer drei Fohlen gezogen. Zwei Hengstfohlen von Olympiasieger Big Star sowie ein Stutfohlen von Mylord Carthago &#8211; My Fantasy von der Mittelerde.<\/p>\n\n\n\n<p>Aber so richtig angefangen haben unsere gemeinsamen Aktivit\u00e4ten mit Capitola &#8211; die Mutter von Helmuts ersten selbst gezogenen und gek\u00f6rten Hengst Ustinov von der Mittelerde (siehe oben), die zu einem der besten Stutenst\u00e4mme weltweit z\u00e4hlt. Sie wollten wir nicht so schnell aufgeben und so haben wir uns nach zwei g\u00fcsten Jahren dazu entschlossen, gemeinsam in diese Stute zu investieren und der Natur etwas nachzuhelfen &#8211; mit Embryotransfer und ICSI. Das war sehr aufwendig, aber der Erfolg gab uns Recht, den richtigen Weg eingeschlagen zu haben.<\/p>\n\n\n\n<p>Insgesamt haben wir mit Capitola zwei &#8222;normale&#8220; Embryo Transfers gemacht und damit im Jahr 2018 den Hengst Verdino ME (v. Verdi N.O.P.) und die Stute Dial My Number ME (v. Diamant de Semilly) gezogen. Dar\u00fcber hinaus waren wir auch mit ICSI (<strong>I<\/strong>ntra<strong>C<\/strong>ytoplasmatische <strong>S<\/strong>permien<strong>I<\/strong>njektion) hoch erfolgreich. Im Jahr 2018 kam auf diesem besonderen Weg der Besamung Kashmina ME (v. Kashmir van&#8217;t Schuttershof) und 2019 gleich dreimal Heartbreaker, zweimal Hengst (Have a Break ME und Heathrow ME Z) und einmal Stute (Heather ME) zur Welt. <\/p>\n\n\n\n<figure class=\"wp-block-image size-large\"><img data-opt-id=1125445531  loading=\"lazy\" decoding=\"async\" width=\"1024\" height=\"852\" src=\"https:\/\/ml4lkx9mggju.i.optimole.com\/w:1024\/h:852\/q:mauto\/g:sm\/f:best\/ig:avif\/https:\/\/zv-mittelerde.com\/wp-content\/uploads\/2020\/03\/DD38D18F-3C44-4B52-B7B6-BFB5E0DD5F0D_1_201_a.jpeg\" alt=\"\" class=\"wp-image-1552\" srcset=\"https:\/\/ml4lkx9mggju.i.optimole.com\/w:1024\/h:852\/q:mauto\/g:sm\/f:best\/ig:avif\/https:\/\/zv-mittelerde.com\/wp-content\/uploads\/2020\/03\/DD38D18F-3C44-4B52-B7B6-BFB5E0DD5F0D_1_201_a.jpeg 1024w, https:\/\/ml4lkx9mggju.i.optimole.com\/w:300\/h:250\/q:mauto\/g:sm\/f:best\/ig:avif\/https:\/\/zv-mittelerde.com\/wp-content\/uploads\/2020\/03\/DD38D18F-3C44-4B52-B7B6-BFB5E0DD5F0D_1_201_a.jpeg 300w, https:\/\/ml4lkx9mggju.i.optimole.com\/w:768\/h:639\/q:mauto\/g:sm\/f:best\/ig:avif\/https:\/\/zv-mittelerde.com\/wp-content\/uploads\/2020\/03\/DD38D18F-3C44-4B52-B7B6-BFB5E0DD5F0D_1_201_a.jpeg 768w, https:\/\/ml4lkx9mggju.i.optimole.com\/w:1088\/h:905\/q:mauto\/g:sm\/f:best\/ig:avif\/https:\/\/zv-mittelerde.com\/wp-content\/uploads\/2020\/03\/DD38D18F-3C44-4B52-B7B6-BFB5E0DD5F0D_1_201_a.jpeg 1088w, https:\/\/ml4lkx9mggju.i.optimole.com\/w:1088\/h:905\/q:mauto\/g:sm\/f:best\/ig:avif\/dpr:2\/https:\/\/zv-mittelerde.com\/wp-content\/uploads\/2020\/03\/DD38D18F-3C44-4B52-B7B6-BFB5E0DD5F0D_1_201_a.jpeg 2x\" sizes=\"auto, (max-width: 750px) 100vw, 750px\" \/><figcaption class=\"wp-element-caption\">Dreimal Heartbreaker in nur einem Jahr aus einer Stute  &#8211; wahrscheinlich einzigartig !!<br>(v.l. Have a Break ME, Heathrow ME Z, Heather ME)<\/figcaption><\/figure>\n\n\n\n<p>Capitola, die im Sport (bis 1,40m &#8211; S*) erfolgreich war sowie durch zahlreiche hoch erfolgreiche Nachkommen ihre Vererbungskraft unter Beweis gestellt hat, wurde postum zur OS Elite Stute gek\u00fcrt.<\/p>\n\n\n\n<p>Aber damit noch nicht genug. 2019 war das Jahr der gro\u00dfen Entscheidungen und so haben wir gemeinsam in zwei weitere Mutterlinien investiert, die in der Rangliste der weltbesten Springblutvererber ganz ganz oben stehen. Zum einen Jolly Girl II de Kervec, ein Stutfohlen aus dem Stamm der Fragance de Chalus. Aus diesem Stamm kommen unz\u00e4hlige Sportpferde die ihre Karriere bis hoch zu Olympischen Spielen und Weltmeisterschaften gemacht haben. Darunter auch die Top Hengste Bamako de Muze und Mylord Carthago. Zum anderen Jingle Star Kervec. Jingle Stars Gro\u00dfmutter ist die Schwester zu Tabelle van Sombeke, die Mutter von Olympiasieger Glock&#8217;s London (Carembar de Muze). Mit diesen beiden Mittelerde Neuzug\u00e4ngen erhoffen wir uns, die Qualit\u00e4t unserer Nachkommen deutlich zu steigern und damit dem deutschen Reitsport schon bald top Sportpferde bieten zu k\u00f6nnen.<\/p>\n\n\n\n<p>Die Z\u00fcchtervereinigung hat alle Pferde bestens im Zuchtstall Mittelerde auf Gut Birkenhof bei Helmut Ewenz untergebracht. &#8222;Bestens untergebracht&#8220; kann man w\u00f6rtlich nehmen &#8211; der Stall wurde im Sommer 2015 von einer Jury der FN (Deutsche Reiterliche Vereinigung in Warendorf) in einem bundesweit ausgeschriebenen Wettbewerb als &#8222;Bester Stall Deutschlands&#8220; ausgezeichnet.<\/p>\n","protected":false},"excerpt":{"rendered":"<p>Helmut Ewenz Helmut Ewenz, geboren 1960 in Wei\u00dfenthurm, \u00fcbernahm 1978 das Reitsportzentrum Gut&nbsp;Birkenhof&nbsp;in Bonefeld und betreibt dieses zusammen mit Frau Ursula und Tochter Denise. Helmut Ewenz hat ein Auge f\u00fcr Pferde! Das bewies er bereits mehrfach! So z.B. mit dem Kauf von Ponyhengst High Noon, der unter seiner F\u00fchrung f\u00fcnf- [&hellip;]<\/p>\n","protected":false},"author":1,"featured_media":0,"parent":0,"menu_order":6,"comment_status":"closed","ping_status":"closed","template":"","meta":{"advgb_blocks_editor_width":"","advgb_blocks_columns_visual_guide":"","_themeisle_gutenberg_block_has_review":false,"footnotes":""},"class_list":["post-129","page","type-page","status-publish","hentry"],"coauthors":[],"author_meta":{"author_link":"https:\/\/zv-mittelerde.com\/de\/author\/3043413\/","display_name":"3043413"},"relative_dates":{"created":"Posted 7\u00a0Jahren ago","modified":"Updated 1\u00a0Jahr ago"},"absolute_dates":{"created":"Posted on 12. M\u00e4rz 2019","modified":"Updated on 2. Januar 2025"},"absolute_dates_time":{"created":"Posted on 12. M\u00e4rz 2019 7:40","modified":"Updated on 2. Januar 2025 21:45"},"featured_img_caption":"","featured_img":false,"series_order":"","_links":{"self":[{"href":"https:\/\/zv-mittelerde.com\/de\/wp-json\/wp\/v2\/pages\/129","targetHints":{"allow":["GET"]}}],"collection":[{"href":"https:\/\/zv-mittelerde.com\/de\/wp-json\/wp\/v2\/pages"}],"about":[{"href":"https:\/\/zv-mittelerde.com\/de\/wp-json\/wp\/v2\/types\/page"}],"author":[{"embeddable":true,"href":"https:\/\/zv-mittelerde.com\/de\/wp-json\/wp\/v2\/users\/1"}],"replies":[{"embeddable":true,"href":"https:\/\/zv-mittelerde.com\/de\/wp-json\/wp\/v2\/comments?post=129"}],"version-history":[{"count":19,"href":"https:\/\/zv-mittelerde.com\/de\/wp-json\/wp\/v2\/pages\/129\/revisions"}],"predecessor-version":[{"id":4123,"href":"https:\/\/zv-mittelerde.com\/de\/wp-json\/wp\/v2\/pages\/129\/revisions\/4123"}],"wp:attachment":[{"href":"https:\/\/zv-mittelerde.com\/de\/wp-json\/wp\/v2\/media?parent=129"}],"curies":[{"name":"wp","href":"https:\/\/api.w.org\/{rel}","templated":true}]}}