{"id":2,"date":"2019-03-11T11:49:00","date_gmt":"2019-03-11T10:49:00","guid":{"rendered":"http:\/\/v2.1.zv-mittelerde.com\/?page_id=2"},"modified":"2023-12-14T21:10:43","modified_gmt":"2023-12-14T20:10:43","slug":"zuchtziele-und-leitlinien","status":"publish","type":"page","link":"https:\/\/zv-mittelerde.com\/de\/zuchtziele-und-leitlinien\/","title":{"rendered":"Zuchtziele und Leitlinien"},"content":{"rendered":"\n<p>Wir, das sind Helmut Ewenz und Gebhard Jansen &#8211; oder kurz, die <strong>&#8222;Z\u00fcchtervereinigung Mittelerde&#8220;<\/strong>. <\/p>\n\n\n\n<p>Mit Blick nach vorne haben wir uns das Ziel gesetzt korrekte, leistungsbereite und gesunde Sportpferde mit \u00fcberdurchschnittlichen Bewegungen sowie \u00fcberragendem Springverm\u00f6gen mit sehr guter \u00dcbersicht und Vorsicht zu z\u00fcchten. Hierbei greifen wir als erstes auf beste Mutterlinien zur\u00fcck und achten bei der Hengstauswahl in der weiteren Zuchtplanung ganz besonders auf Rittigkeit, Charakter, \u00e4u\u00dferes Erscheinungsbild, den Bewegungsapparat und die sportliche Veranlagung, wie beispielsweise Leistungsverm\u00f6gen, Schnellkraft und Wendigkeit. Damit orientieren wir uns eng an den Leitlinien unserer Zuchtverb\u00e4nde.<\/p>\n\n\n\n<p>Bei unseren Stuten spielen Mutterlinien mit verl\u00e4sslicher Genetik eine \u00fcbergeordnete Rolle. Neben qualitativen Pr\u00e4dikaten wie Staats- oder Hauptpr\u00e4mien sind es im Besonderen die sportlichen Leistungen von Mutter und Gro\u00dfmutter selbst sowie auch ihrer Nachkommen, die f\u00fcr uns die Basis des Erfolgs bilden. <\/p>\n\n\n\n<p><strong>Denn: Die Stute macht den Unterschied !<\/strong><\/p>\n\n\n\n<p>Man sagt, dass 70% der Veranlagung eines Pferdes von der Mutterlinie kommen, nur ca. 30% kommen vom Vater. Dieser ist f\u00fcr die Veredlung der direkten Nachkommen wichtig und sollte die Gesamtqualit\u00e4t der Mutterlinie \u00fcber die nachfolgenden Generationen konstant weiter verbessern.<\/p>\n\n\n\n<p>Gute Pferde entstehen demnach zun\u00e4chst aus der Grundqualit\u00e4t der Mutterstute, den sportlichen Talenten und ihrer Vererbungskraft. Erst die konsequenten Anpaarungen mit den richtigen leistungserprobten Hengsten, also die immer wieder passende Kombination der Gene \u00fcber viele Generationen hinweg, f\u00fchrt zur schrittweisen Verbesserung der Sportpferdequalit\u00e4t und somit zum nachhaltigem Erfolg der Nachkommen.<\/p>\n\n\n\n<p>Hier bedienen wir uns bereits seit vielen Jahren auf dem europ\u00e4ischen Hengstmarkt. Dabei werden \u00fcberwiegend Stempelhengste, Hauptpr\u00e4miensieger und mehr und mehr top erfolgreiche Hengste aus dem gro\u00dfen internationalen Sportgeschehen bevorzugt &#8211; Junghengste testen wir nur in Ausnahmef\u00e4llen, wenn erste Fohlen schon als \u00fcberragend aufgefallen sind.<\/p>\n\n\n\n<p>Diese Zuchtphilosophie ist f\u00fcr uns Anlass, sowohl unsere <a href=\"https:\/\/zv-mittelerde.com\/de\/stutenstaemme\/\">Mutterlinien\/Stutenst\u00e4mme<\/a> hier vorzustellen und auf die Besonderheiten ihrer Vererbungsqualit\u00e4ten aufmerksam zu machen, als auch einen Eindruck daf\u00fcr zu geben, mit welchem zeitlichen Aufwand erfolgreiches und nachhaltiges Z\u00fcchten verbunden ist. Oder auch, wie wertvoll f\u00fcr Sie ein Einstieg in eine bereits bew\u00e4hrte Mutterlinie sein kann.<\/p>\n\n\n\n<p>Unsere Nachkommen wachsen unter top Bedingungen auf bevor sie dann dreij\u00e4hrig behutsam in eine professionelle Ausbildung starten.<\/p>\n\n\n\n<p>Die Z\u00fcchterwelt bewegt sich, Trends entwickeln sich und der regionale Gedanke ist l\u00e4ngst Vergangenheit. Grund genug f\u00fcr uns, weiter neugierig zu bleiben und den Blick in die Welt zu richten. In diesem Sinne hoffen wir, dass wir uns irgendwann auf einer unserer Z\u00fcchtertouren treffen werden und austauschen k\u00f6nnen. Darauf freuen wir uns schon jetzt.<\/p>\n\n\n\n<p>Liebe Gr\u00fc\u00dfe,<br>Helmut und Gebhard<\/p>\n","protected":false},"excerpt":{"rendered":"<p>Wir, das sind Helmut Ewenz und Gebhard Jansen &#8211; oder kurz, die &#8222;Z\u00fcchtervereinigung Mittelerde&#8220;. Mit Blick nach vorne haben wir uns das Ziel gesetzt korrekte, leistungsbereite und gesunde Sportpferde mit \u00fcberdurchschnittlichen Bewegungen sowie \u00fcberragendem Springverm\u00f6gen mit sehr guter \u00dcbersicht und Vorsicht zu z\u00fcchten. Hierbei greifen wir als erstes auf beste [&hellip;]<\/p>\n","protected":false},"author":1,"featured_media":0,"parent":0,"menu_order":1,"comment_status":"closed","ping_status":"closed","template":"","meta":{"advgb_blocks_editor_width":"","advgb_blocks_columns_visual_guide":"","_themeisle_gutenberg_block_has_review":false,"footnotes":""},"class_list":["post-2","page","type-page","status-publish","hentry"],"coauthors":[],"author_meta":{"author_link":"https:\/\/zv-mittelerde.com\/de\/author\/3043413\/","display_name":"3043413"},"relative_dates":{"created":"Posted 7\u00a0Jahren ago","modified":"Updated 2\u00a0Jahren ago"},"absolute_dates":{"created":"Posted on 11. M\u00e4rz 2019","modified":"Updated on 14. Dezember 2023"},"absolute_dates_time":{"created":"Posted on 11. M\u00e4rz 2019 11:49","modified":"Updated on 14. Dezember 2023 21:10"},"featured_img_caption":"","featured_img":false,"series_order":"","_links":{"self":[{"href":"https:\/\/zv-mittelerde.com\/de\/wp-json\/wp\/v2\/pages\/2","targetHints":{"allow":["GET"]}}],"collection":[{"href":"https:\/\/zv-mittelerde.com\/de\/wp-json\/wp\/v2\/pages"}],"about":[{"href":"https:\/\/zv-mittelerde.com\/de\/wp-json\/wp\/v2\/types\/page"}],"author":[{"embeddable":true,"href":"https:\/\/zv-mittelerde.com\/de\/wp-json\/wp\/v2\/users\/1"}],"replies":[{"embeddable":true,"href":"https:\/\/zv-mittelerde.com\/de\/wp-json\/wp\/v2\/comments?post=2"}],"version-history":[{"count":9,"href":"https:\/\/zv-mittelerde.com\/de\/wp-json\/wp\/v2\/pages\/2\/revisions"}],"predecessor-version":[{"id":3823,"href":"https:\/\/zv-mittelerde.com\/de\/wp-json\/wp\/v2\/pages\/2\/revisions\/3823"}],"wp:attachment":[{"href":"https:\/\/zv-mittelerde.com\/de\/wp-json\/wp\/v2\/media?parent=2"}],"curies":[{"name":"wp","href":"https:\/\/api.w.org\/{rel}","templated":true}]}}