{"id":2529,"date":"2021-05-03T22:28:47","date_gmt":"2021-05-03T20:28:47","guid":{"rendered":"https:\/\/zv-mittelerde.com\/?page_id=2529"},"modified":"2025-10-13T17:47:32","modified_gmt":"2025-10-13T15:47:32","slug":"narcotique-de-muze-ii-qerly-chin","status":"publish","type":"page","link":"https:\/\/zv-mittelerde.com\/de\/narcotique-de-muze-ii-qerly-chin\/","title":{"rendered":"Qerly Chin"},"content":{"rendered":"\n<figure class=\"wp-block-image size-large\"><img data-opt-id=1570942474  fetchpriority=\"high\" loading=\"eager\" decoding=\"async\" width=\"1024\" height=\"724\" src=\"https:\/\/ml4lkx9mggju.i.optimole.com\/w:1024\/h:724\/q:mauto\/g:sm\/f:best\/ig:avif\/https:\/\/zv-mittelerde.com\/wp-content\/uploads\/2024\/07\/Folie1-2.png\" alt=\"\" class=\"wp-image-4017\" srcset=\"https:\/\/ml4lkx9mggju.i.optimole.com\/w:1024\/h:724\/q:mauto\/g:sm\/f:best\/ig:avif\/https:\/\/zv-mittelerde.com\/wp-content\/uploads\/2024\/07\/Folie1-2.png 1024w, https:\/\/ml4lkx9mggju.i.optimole.com\/w:300\/h:212\/q:mauto\/g:sm\/f:best\/ig:avif\/https:\/\/zv-mittelerde.com\/wp-content\/uploads\/2024\/07\/Folie1-2.png 300w, https:\/\/ml4lkx9mggju.i.optimole.com\/w:768\/h:543\/q:mauto\/g:sm\/f:best\/ig:avif\/https:\/\/zv-mittelerde.com\/wp-content\/uploads\/2024\/07\/Folie1-2.png 768w, https:\/\/ml4lkx9mggju.i.optimole.com\/w:1527\/h:1080\/q:mauto\/g:sm\/f:best\/ig:avif\/https:\/\/zv-mittelerde.com\/wp-content\/uploads\/2024\/07\/Folie1-2.png 1536w, https:\/\/ml4lkx9mggju.i.optimole.com\/w:1527\/h:1080\/q:mauto\/g:sm\/f:best\/ig:avif\/https:\/\/zv-mittelerde.com\/wp-content\/uploads\/2024\/07\/Folie1-2.png 2048w, https:\/\/ml4lkx9mggju.i.optimole.com\/w:18\/h:12\/q:mauto\/g:sm\/f:best\/ig:avif\/https:\/\/zv-mittelerde.com\/wp-content\/uploads\/2024\/07\/Folie1-2.png 18w, https:\/\/ml4lkx9mggju.i.optimole.com\/w:1320\/h:933\/q:mauto\/g:sm\/f:best\/ig:avif\/https:\/\/zv-mittelerde.com\/wp-content\/uploads\/2024\/07\/Folie1-2.png 1320w, https:\/\/ml4lkx9mggju.i.optimole.com\/w:1527\/h:1080\/q:mauto\/g:sm\/f:best\/ig:avif\/dpr:2\/https:\/\/zv-mittelerde.com\/wp-content\/uploads\/2024\/07\/Folie1-2.png 2x\" sizes=\"auto, (max-width: 750px) 100vw, 750px\" \/><\/figure>\n\n\n\n<p>Die Erfolgsgeschichte der&nbsp;<strong>Narcotique de Muze II&nbsp;<\/strong>mit ihren Nachkommen beginnt bereits bei Gro\u00dfmutter Kerly und Mutter Qerly Chin, die beide schon auf h\u00f6chstem Spring Niveau erfolgreich waren. Und z\u00fcchterisch war es&nbsp;<strong>Qerly Chin<\/strong>&nbsp;die diesem Stamm ihre unvergleichliche Genetik mitgegeben hat.<\/p>\n\n\n\n<p>Schon w\u00e4hrend die junge Qerly Chin (von Chin Chin x Pachat II) langsam und behutsam f\u00fcr den Einstieg in den Sport heranreifte, erkannte man bereits ihr sportliches Talent f\u00fcr die ganz gro\u00dfe B\u00fchne. Das zeigte sich besonders in ihrer Leistungsbereitschaft, ihrem schier endlosen Verm\u00f6gen sowie ihrer enormen Sprungkraft und Elastizit\u00e4t. Qerly Chin war ein Energieb\u00fcndel mit Charakter und Einstellung.<\/p>\n\n\n\n<p>Da war es f\u00fcr den belgischen Erfolgsz\u00fcchter Joris de Brabander, der schon sehr fr\u00fch die herausragende Qualit\u00e4t dieser Leistungslinie erkannte, keine Frage, parallel zum Sporteinstieg, den Stamm der Qerly Chin mittels der Embryotransfertechnik und den Genen der besten Hengste der Welt auf- und auszubauen.<\/p>\n\n\n\n<p>Narcotique de Muze II (von Darco) war eine von zw\u00f6lf Nachkommen dieser Jungpferdezeit von Qerly Chin. Neben Narcotique de Muze II waren es auch die ber\u00fchmte Narcotique de Muze IV (von Quidam de Revel), Exquis Walnut de Muze und die \u00fcberragende Werly Chin de Muze (beide v. Nabab de Reve). Zusammen waren es 8 Stuten und 4 Hengste in vier Jahren, die allesamt mit ihren Kindern und Kindeskindern immer wieder auf sich aufmerksam machen.<\/p>\n\n\n\n<p>Wie stark die Vererbungskraft der Qerly Chin-Mutterlinie auch \u00fcber viele Generationen hinweg ist, l\u00e4\u00dft sich sehr gut am Beispiel von Vagabond de la Pomme aufzeigen. Seine Mutter Sauterelle de la Pomme (von For Pleasure) sprang mit Patrice Delaveau auf 1,45m, seine Gro\u00dfmutter Narcotique de Muze II (von Darco) mit Eric Lamaze auf 1,60m, seine Urgro\u00dfmutter Qerly Chin (von Chin Chin) mit Christophe Barbeau auf 1,60m und seine UrUrgro\u00dfmutter Kerly (von Pachat II) sprang ebenfalls auf 1,60m Niveau mit David Jobertie. Und Vagabond de la Pomme selbst sprang unter Penelope Leprevost auf 1,60m und wurde Zweiter im Weltcup-Finale 2015 in Las Vegas.<\/p>\n\n\n\n<p>Im Stall Mittelerde kn\u00fcpfen wir genau an diesen besonderen Mutterstamm mit unserer Stute&nbsp;<a href=\"https:\/\/zv-mittelerde.com\/de\/pferde\/ulysse-de-la-pomme-z\/\">Ulysse de la Pomme<\/a>&nbsp;an. Lizzy (Rufname) stammt von Untouchable aus der Dame de la Pomme (von Vigo D\u2019Arsouilles), also der Vollschwester zu Vagabond de la Pomme.<\/p>\n\n\n\n<p>Weitere Namen aus diesem Stamm sind z.Bsp. die Narcotique II Schwestern Merveille de Muze (Nabab de Reve), Narcotique Schutterhof (Tenor Manciais), Wallon de Muze (Nabab de Reve) sowie Inshallah de Muze, Daytona de Muze, Derly Chin de Muze und Killer Queen VDM (s. Grafik), Falaise de Muze, Diablesse de Muze, Freestyle de Muze, Denzel van\u2019t Meulenhof (s.o.), Jenson van\u2019t Meulenhof (s.o.), Farfelu de la Pomme, Gaillard de la Pomme, Kasanova de la Pomme ebenso wie Querlybet Hero. Sie alle sind oder waren international hoch erfolgreiche Springpferde \u2013 Ausnahme Sportler.<\/p>\n\n\n\n<p>Genau das, macht diesen extrem sporterprobten belgischen Stamm 34 zum erfolgreichsten Stamm aller Zeiten \u2013&nbsp;<strong>der Stamm der Qerly Chin.<\/strong><\/p>\n\n\n\n<p><strong>Unsere Pferde aus diesem Stamm:<\/strong><br><a href=\"https:\/\/zv-mittelerde.com\/de\/pferde\/ulysse-de-la-pomme-z\/\">Ulysse de la Pomme (Lizzy ME)<\/a> &#8211; Zuchtstute<br><a href=\"https:\/\/zv-mittelerde.com\/de\/pferde\/thorin-von-der-mittelerde\/\">Thorin von der Mittelerde<\/a>&#8211; verkauft<br><a href=\"https:\/\/zv-mittelerde.com\/de\/pferde\/gondor-von-der-mittelerde\/\">Gondor von der Mittelerde<\/a> &#8211; verkauft<br><a href=\"https:\/\/zv-mittelerde.com\/de\/pferde\/kobra-von-der-mittelerde\/\">Kobra von der Mittelerde<\/a> &#8211; verkauft<br><a href=\"https:\/\/zv-mittelerde.com\/de\/pferde\/umbar-von-der-mittelerde\/\">Umbar von der Mittelerde<\/a> &#8211; Zuchtstute<br><a href=\"https:\/\/zv-mittelerde.com\/de\/pferde\/calma-von-der-mittelerde\/\">Calma von der Mittelerde<\/a> &#8211; verkauft<br><a href=\"https:\/\/zv-mittelerde.com\/de\/pferde\/carrock-von-der-mittelerde\/\">Carrock von der Mittelerde<\/a> &#8211; verkauft<br><a href=\"https:\/\/zv-mittelerde.com\/de\/pferde\/disa-von-der-mittelerde\/\">Disa von der Mittelerde<\/a> &#8211; verkauft<br><a href=\"https:\/\/zv-mittelerde.com\/de\/pferde\/ewing-von-der-mittelerde\/\">Elwing von der Mittelerde<\/a> &#8211; verkauft<br><a href=\"https:\/\/zv-mittelerde.com\/de\/pferde\/cardolan-von-der-mittelerde\/\">Cardolan von der Mittelerde<\/a> &#8211; verkauft<br><a href=\"https:\/\/zv-mittelerde.com\/de\/pferde\/coranar-von-der-mittelerde\/\">Coranar von der Mittelerde<\/a> &#8211; verkauft<\/p>\n","protected":false},"excerpt":{"rendered":"<p>Die Erfolgsgeschichte der&nbsp;Narcotique de Muze II&nbsp;mit ihren Nachkommen beginnt bereits bei Gro\u00dfmutter Kerly und Mutter Qerly Chin, die beide schon auf h\u00f6chstem Spring Niveau erfolgreich waren. Und z\u00fcchterisch war es&nbsp;Qerly Chin&nbsp;die diesem Stamm ihre unvergleichliche Genetik mitgegeben hat. Schon w\u00e4hrend die junge Qerly Chin (von Chin Chin x Pachat II) [&hellip;]<\/p>\n","protected":false},"author":1,"featured_media":0,"parent":0,"menu_order":0,"comment_status":"closed","ping_status":"closed","template":"","meta":{"advgb_blocks_editor_width":"","advgb_blocks_columns_visual_guide":"","_themeisle_gutenberg_block_has_review":false,"footnotes":""},"class_list":["post-2529","page","type-page","status-publish","hentry"],"coauthors":[],"author_meta":{"author_link":"https:\/\/zv-mittelerde.com\/de\/author\/3043413\/","display_name":"3043413"},"relative_dates":{"created":"Posted 5\u00a0Jahren ago","modified":"Updated 6\u00a0Monaten ago"},"absolute_dates":{"created":"Posted on 3. Mai 2021","modified":"Updated on 13. Oktober 2025"},"absolute_dates_time":{"created":"Posted on 3. Mai 2021 22:28","modified":"Updated on 13. Oktober 2025 17:47"},"featured_img_caption":"","featured_img":false,"series_order":"","_links":{"self":[{"href":"https:\/\/zv-mittelerde.com\/de\/wp-json\/wp\/v2\/pages\/2529","targetHints":{"allow":["GET"]}}],"collection":[{"href":"https:\/\/zv-mittelerde.com\/de\/wp-json\/wp\/v2\/pages"}],"about":[{"href":"https:\/\/zv-mittelerde.com\/de\/wp-json\/wp\/v2\/types\/page"}],"author":[{"embeddable":true,"href":"https:\/\/zv-mittelerde.com\/de\/wp-json\/wp\/v2\/users\/1"}],"replies":[{"embeddable":true,"href":"https:\/\/zv-mittelerde.com\/de\/wp-json\/wp\/v2\/comments?post=2529"}],"version-history":[{"count":27,"href":"https:\/\/zv-mittelerde.com\/de\/wp-json\/wp\/v2\/pages\/2529\/revisions"}],"predecessor-version":[{"id":4371,"href":"https:\/\/zv-mittelerde.com\/de\/wp-json\/wp\/v2\/pages\/2529\/revisions\/4371"}],"wp:attachment":[{"href":"https:\/\/zv-mittelerde.com\/de\/wp-json\/wp\/v2\/media?parent=2529"}],"curies":[{"name":"wp","href":"https:\/\/api.w.org\/{rel}","templated":true}]}}