{"id":2530,"date":"2021-05-03T22:28:51","date_gmt":"2021-05-03T20:28:51","guid":{"rendered":"https:\/\/zv-mittelerde.com\/?page_id=2530"},"modified":"2023-12-19T15:17:14","modified_gmt":"2023-12-19T14:17:14","slug":"fragance-de-chalus","status":"publish","type":"page","link":"https:\/\/zv-mittelerde.com\/de\/fragance-de-chalus\/","title":{"rendered":"Fragance de Chalus"},"content":{"rendered":"\n<figure class=\"wp-block-image size-full\"><img data-opt-id=1097348986  fetchpriority=\"high\" loading=\"eager\" decoding=\"async\" width=\"2560\" height=\"1810\" src=\"https:\/\/ml4lkx9mggju.i.optimole.com\/w:auto\/h:auto\/q:mauto\/g:sm\/f:best\/ig:avif\/https:\/\/zv-mittelerde.com\/wp-content\/uploads\/2023\/11\/Fragance-1-scaled.jpeg\" alt=\"\" class=\"wp-image-3757\" srcset=\"https:\/\/ml4lkx9mggju.i.optimole.com\/w:1527\/h:1080\/q:mauto\/g:sm\/f:best\/ig:avif\/https:\/\/zv-mittelerde.com\/wp-content\/uploads\/2023\/11\/Fragance-1-scaled.jpeg 2560w, https:\/\/ml4lkx9mggju.i.optimole.com\/w:300\/h:212\/q:mauto\/g:sm\/f:best\/ig:avif\/https:\/\/zv-mittelerde.com\/wp-content\/uploads\/2023\/11\/Fragance-1-scaled.jpeg 300w, https:\/\/ml4lkx9mggju.i.optimole.com\/w:1024\/h:724\/q:mauto\/g:sm\/f:best\/ig:avif\/https:\/\/zv-mittelerde.com\/wp-content\/uploads\/2023\/11\/Fragance-1-scaled.jpeg 1024w, https:\/\/ml4lkx9mggju.i.optimole.com\/w:768\/h:543\/q:mauto\/g:sm\/f:best\/ig:avif\/https:\/\/zv-mittelerde.com\/wp-content\/uploads\/2023\/11\/Fragance-1-scaled.jpeg 768w, https:\/\/ml4lkx9mggju.i.optimole.com\/w:1527\/h:1080\/q:mauto\/g:sm\/f:best\/ig:avif\/https:\/\/zv-mittelerde.com\/wp-content\/uploads\/2023\/11\/Fragance-1-scaled.jpeg 1536w, https:\/\/ml4lkx9mggju.i.optimole.com\/w:1527\/h:1080\/q:mauto\/g:sm\/f:best\/ig:avif\/https:\/\/zv-mittelerde.com\/wp-content\/uploads\/2023\/11\/Fragance-1-scaled.jpeg 2048w, https:\/\/ml4lkx9mggju.i.optimole.com\/w:18\/h:12\/q:mauto\/g:sm\/f:best\/ig:avif\/https:\/\/zv-mittelerde.com\/wp-content\/uploads\/2023\/11\/Fragance-1-scaled.jpeg 18w, https:\/\/ml4lkx9mggju.i.optimole.com\/w:1320\/h:933\/q:mauto\/g:sm\/f:best\/ig:avif\/https:\/\/zv-mittelerde.com\/wp-content\/uploads\/2023\/11\/Fragance-1-scaled.jpeg 1320w, https:\/\/ml4lkx9mggju.i.optimole.com\/w:1527\/h:1080\/q:mauto\/g:sm\/f:best\/ig:avif\/dpr:2\/https:\/\/zv-mittelerde.com\/wp-content\/uploads\/2023\/11\/Fragance-1-scaled.jpeg 2x\" sizes=\"auto, (max-width: 750px) 100vw, 750px\" \/><\/figure>\n\n\n\n<p><strong>Fragance de Chalus&nbsp;<\/strong>(v. Jalisco B x Fury de la Cense x Chateau du Diable XX, gez\u00fcchtet von Solange Planson, Frankreich) hat die Zuchtwelt revolutioniert und war eine der S\u00e4ulen, die zum Erfolg des weltweit wachsenden Springsports beitrugen. Leider ist sie 2019 im Alter von 26 Jahren verstorben. Mit Joris de Brabander, dem wohl renommiertesten Z\u00fcchter in Belgien, aber schrieb Fragance de Chalus Geschichte.<\/p>\n\n\n\n<p>Sportlich war Fragance bis zur schweren Klasse bis 1,40m erfolgreich.&nbsp;Sie zeichnete sich durch hohe Leistungsbereitschaft und Entschlossenheit, Mut und \u00dcbersicht aus. Dar\u00fcber hinaus \u00fcberzeugte Fragance durch hervorragende Rittigkeit und exzellenter Manier am Sprung und das gab sie durchg\u00e4ngig an ihre Nachkommen weiter. Alle haben sehr gute Charaktereigenschaften, sie sind sowohl f\u00fcr Amateure als auch f\u00fcr Profisportler bestens geeignet. Ihr Biss und ihre Siegermentalit\u00e4t, der Willen auf die andere Seite zu kommen und dabei besonders auch auf technisch anspruchsvollen Parcours flexibel und wendig zu bleiben, all das zeichnet diese Mutterlinie aus. Nicht zu vergessen die herausragende Hinterhand Technik, das bekannteste Wahrzeichen in dieser Linie.<\/p>\n\n\n\n<p>Durch neue Zuchttechniken, wie zB. den Embryotransfer, brachte es Fragance de Chalus auf eine beachtliche Nachwelt. Von \u00fcber 40 ihrer direkten Nachkommen sind weit mehr als die H\u00e4lfte bis in die gro\u00dfe internationale Springsportklasse gekommen, was Frangance im Ranking der weltbesten Zuchtstuten f\u00fcr den Springsport unangefochten auf das Siegertreppchen brachte. Dar\u00fcber hinaus ist ihre Vererbungskraft so stark, dass vier ihrer T\u00f6chter mit derselben genetischen Durchdringung gleicherma\u00dfen in diesem Ranking unter den Top 40 Stuten angekommen sind, so auch Jolly Girl Kervec von Darco, die Mutter unserer\u00a0<a href=\"https:\/\/zv-mittelerde.com\/de\/pferde\/jolly-girl-ii-kervec\/\">Jolly Girl II Kervec<\/a>.<\/p>\n\n\n\n<p>Insgesamt sind es mehr als 50 Nachkommen (S\u00f6hne, T\u00f6chter und Enkel) aus der Fragance Linie, die sich bis in den internationalen Erfolg entwickelt haben. Darunter u.a. die Hengsts\u00f6hne Mylord Carthago, Bamako de Muze, Norton d\u2019Eole und Arc en Ciel de Muze sowie die T\u00f6chter Nimfe de la Pomme, Vodka Orange de Muze, Jolly Mome, Anais Anais de Muze, Nais de la Pomme und in den weiteren Generationen u.a Telstar de la Pomme, Twister de la Pomme, Bacardi-Orange de Muze, \u2026 und viele viele andere.<\/p>\n\n\n\n<p>Die Selle Fran\u00e7ais Stute Fragance aus dem internationalen Stamm der Nifrane hinterl\u00e4sst als Pionierin im Embryotransfer eine unausl\u00f6schliche Spur der heutigen europ\u00e4ischen Springpferdezucht.<\/p>\n\n\n\n<p><strong>Unsere Pferde aus diesem Stamm:<\/strong><br><a href=\"https:\/\/zv-mittelerde.com\/de\/pferde\/jolly-girl-ii-kervec\/\">Jolly Girl II Kervec<\/a> \u2013 Zuchtstute (z.Zt. in der Ausbildung)<br><a href=\"https:\/\/zv-mittelerde.com\/de\/pferde\/eowyn-von-der-mittelerde\/\">Eowyn von der Mittelerde<\/a> \u2013 in der Aufzucht<br><a href=\"https:\/\/zv-mittelerde.com\/de\/pferde\/estella-von-der-mittelerde\/\">Estella von der Mittelerde<\/a> &#8211; verkauft<br><a href=\"https:\/\/zv-mittelerde.com\/de\/pferde\/vigo-von-der-mittelerde\/\">Vigo von der Mittelerde<\/a> &#8211; in der Aufzucht<br><a href=\"https:\/\/zv-mittelerde.com\/de\/pferde\/mein-schatz-von-der-mittelerde\/\">Mein Schatz von der Mittelerde<\/a> &#8211; verkauft<\/p>\n","protected":false},"excerpt":{"rendered":"<p>Fragance de Chalus&nbsp;(v. Jalisco B x Fury de la Cense x Chateau du Diable XX, gez\u00fcchtet von Solange Planson, Frankreich) hat die Zuchtwelt revolutioniert und war eine der S\u00e4ulen, die zum Erfolg des weltweit wachsenden Springsports beitrugen. Leider ist sie 2019 im Alter von 26 Jahren verstorben. Mit Joris de [&hellip;]<\/p>\n","protected":false},"author":1,"featured_media":3153,"parent":0,"menu_order":0,"comment_status":"closed","ping_status":"closed","template":"","meta":{"advgb_blocks_editor_width":"","advgb_blocks_columns_visual_guide":"","_themeisle_gutenberg_block_has_review":false,"footnotes":""},"class_list":["post-2530","page","type-page","status-publish","has-post-thumbnail","hentry"],"coauthors":[],"author_meta":{"author_link":"https:\/\/zv-mittelerde.com\/de\/author\/3043413\/","display_name":"3043413"},"relative_dates":{"created":"Posted 5\u00a0Jahren ago","modified":"Updated 2\u00a0Jahren ago"},"absolute_dates":{"created":"Posted on 3. Mai 2021","modified":"Updated on 19. Dezember 2023"},"absolute_dates_time":{"created":"Posted on 3. Mai 2021 22:28","modified":"Updated on 19. Dezember 2023 15:17"},"featured_img_caption":"","featured_img":"https:\/\/ml4lkx9mggju.i.optimole.com\/w:auto\/h:auto\/q:mauto\/g:sm\/f:best\/ig:avif\/https:\/\/zv-mittelerde.com\/wp-content\/uploads\/2022\/11\/Fragance-de-Chalus.jpeg","series_order":"","_links":{"self":[{"href":"https:\/\/zv-mittelerde.com\/de\/wp-json\/wp\/v2\/pages\/2530","targetHints":{"allow":["GET"]}}],"collection":[{"href":"https:\/\/zv-mittelerde.com\/de\/wp-json\/wp\/v2\/pages"}],"about":[{"href":"https:\/\/zv-mittelerde.com\/de\/wp-json\/wp\/v2\/types\/page"}],"author":[{"embeddable":true,"href":"https:\/\/zv-mittelerde.com\/de\/wp-json\/wp\/v2\/users\/1"}],"replies":[{"embeddable":true,"href":"https:\/\/zv-mittelerde.com\/de\/wp-json\/wp\/v2\/comments?post=2530"}],"version-history":[{"count":13,"href":"https:\/\/zv-mittelerde.com\/de\/wp-json\/wp\/v2\/pages\/2530\/revisions"}],"predecessor-version":[{"id":3866,"href":"https:\/\/zv-mittelerde.com\/de\/wp-json\/wp\/v2\/pages\/2530\/revisions\/3866"}],"wp:featuredmedia":[{"embeddable":true,"href":"https:\/\/zv-mittelerde.com\/de\/wp-json\/wp\/v2\/media\/3153"}],"wp:attachment":[{"href":"https:\/\/zv-mittelerde.com\/de\/wp-json\/wp\/v2\/media?parent=2530"}],"curies":[{"name":"wp","href":"https:\/\/api.w.org\/{rel}","templated":true}]}}