{"id":2531,"date":"2021-05-03T22:28:54","date_gmt":"2021-05-03T20:28:54","guid":{"rendered":"https:\/\/zv-mittelerde.com\/?page_id=2531"},"modified":"2025-10-13T17:51:37","modified_gmt":"2025-10-13T15:51:37","slug":"usha-vant-roosakker","status":"publish","type":"page","link":"https:\/\/zv-mittelerde.com\/de\/usha-vant-roosakker\/","title":{"rendered":"Usha van\u2019t Roosakker"},"content":{"rendered":"\n<figure class=\"wp-block-image size-large\"><img data-opt-id=1089474884  fetchpriority=\"high\" loading=\"eager\" decoding=\"async\" width=\"1024\" height=\"724\" src=\"https:\/\/ml4lkx9mggju.i.optimole.com\/w:1024\/h:724\/q:mauto\/g:sm\/f:best\/ig:avif\/https:\/\/zv-mittelerde.com\/wp-content\/uploads\/2024\/07\/Folie4.png\" alt=\"\" class=\"wp-image-4019\" srcset=\"https:\/\/ml4lkx9mggju.i.optimole.com\/w:1024\/h:724\/q:mauto\/g:sm\/f:best\/ig:avif\/https:\/\/zv-mittelerde.com\/wp-content\/uploads\/2024\/07\/Folie4.png 1024w, https:\/\/ml4lkx9mggju.i.optimole.com\/w:300\/h:212\/q:mauto\/g:sm\/f:best\/ig:avif\/https:\/\/zv-mittelerde.com\/wp-content\/uploads\/2024\/07\/Folie4.png 300w, https:\/\/ml4lkx9mggju.i.optimole.com\/w:768\/h:543\/q:mauto\/g:sm\/f:best\/ig:avif\/https:\/\/zv-mittelerde.com\/wp-content\/uploads\/2024\/07\/Folie4.png 768w, https:\/\/ml4lkx9mggju.i.optimole.com\/w:1527\/h:1080\/q:mauto\/g:sm\/f:best\/ig:avif\/https:\/\/zv-mittelerde.com\/wp-content\/uploads\/2024\/07\/Folie4.png 1536w, https:\/\/ml4lkx9mggju.i.optimole.com\/w:1527\/h:1080\/q:mauto\/g:sm\/f:best\/ig:avif\/https:\/\/zv-mittelerde.com\/wp-content\/uploads\/2024\/07\/Folie4.png 2048w, https:\/\/ml4lkx9mggju.i.optimole.com\/w:18\/h:12\/q:mauto\/g:sm\/f:best\/ig:avif\/https:\/\/zv-mittelerde.com\/wp-content\/uploads\/2024\/07\/Folie4.png 18w, https:\/\/ml4lkx9mggju.i.optimole.com\/w:1320\/h:933\/q:mauto\/g:sm\/f:best\/ig:avif\/https:\/\/zv-mittelerde.com\/wp-content\/uploads\/2024\/07\/Folie4.png 1320w, https:\/\/ml4lkx9mggju.i.optimole.com\/w:1527\/h:1080\/q:mauto\/g:sm\/f:best\/ig:avif\/dpr:2\/https:\/\/zv-mittelerde.com\/wp-content\/uploads\/2024\/07\/Folie4.png 2x\" sizes=\"auto, (max-width: 750px) 100vw, 750px\" \/><\/figure>\n\n\n\n<p>Wie anfangs erw\u00e4hnt ist eine top Stutenlinie mit nachhaltig bewiesener Spitzenqualit\u00e4t und ihrer Vererbungssicherheit von ganz besonderer Bedeutung.<\/p>\n\n\n\n<p>Mit der&nbsp;<strong>Usha van\u2019t Roosakker<\/strong>-Linie haben wir uns ganz genau so einen Mutterstamm in den Stall holen k\u00f6nnen. Aus ihm sind bereits viele internationale Sportpferde sowie gek\u00f6rte Hengste hervorgegangen. Und schon Ushas Z\u00fcchter, Marc Kluskens aus Belgien, startete damals seine Zucht sehr weise mit der Stute Rosanne van de Withoeve (Major de la Cour x Fleuri du Manoir a.d. Hawaii van den Padenborre), aus der er schliesslich Usha z\u00fcchtete.<\/p>\n\n\n\n<p>Usha van\u2018t Roosakker (v. Chin Chin) ging selbst bis 1,50m unter Marlon Modolo Zanotelli. In der anschlie\u00dfenden Zuchtkariere bekam sie neun T\u00f6chter von denen die ersten f\u00fcnf bereits selbst Nachkommen hervorgebracht haben, die es bis zum gro\u00dfen internationalen Niveau (1,50m und h\u00f6her) geschafft haben. Von den j\u00fcngeren vier T\u00f6chtern d\u00fcrfen wir ebenfalls eine identische Vererbungssicherheit erwarten. So auch von Goya (Kannan x Chin Chin x Major de la Cour) aus der wir in 2020 das&nbsp;<a href=\"https:\/\/zv-mittelerde.com\/de\/pferde\/call-me-usha\/\">Stutfohlen Call me Usha von Cornet Obolensky<\/a>&nbsp;sowie 2021 ebenfalls ein Stutfohlen,&nbsp;<a href=\"https:\/\/zv-mittelerde.com\/de\/pferde\/count-on-me-usha-z\/\">Count on me Usha von Cornet du Lys<\/a>, gezogen haben.<\/p>\n\n\n\n<p>Wie bereits angedeutet, weist die Stutenlinie von Usha van\u2019t Roosakker auf ganz au\u00dfergew\u00f6hnliche Eigenschaften hin. Wie in einem Puzzle wurde sie \u00fcber Generationen mit den richtigen Hengsten bis zu dieser vollkommenen Spitzenqualit\u00e4t entwickelt. Sie kann mittlerweile auf \u00fcber 50 Nachkommen blicken, die auf internationalem Parkett erfolgreich sind (einen kleinen Auszug sieht man auf dem Schaubild oben).<\/p>\n\n\n\n<p>Dabei war Usha van\u2018t Roosakker nicht das typische 1,60m Parcours Pferd, aber sie besa\u00df erstklassige Eigenschaften, die sie konsequent an ihre Nachkommen weitergegeben hat. Usha hatte zudem einen Charakter, der es nicht immer einfach machte, denn sie war extrem sensibel und zuweilen etwas eigenwillig. Dennoch, beim Freispringen blieb einem der Atem stehen. Ihre Sprungtechnik und ihr schier endloses Verm\u00f6gen waren eine glatte 10 und ihre Leistungsbereitschaft und Vorsicht am Sprung wurden ebenfalls mit 10 bewertet. Usha war eine im Rechteck stehende gro\u00dfe Erscheinung, Ihr Charakter zeichnet sich durch Mut, Ausdauer und einer gewaltigen Sprungkraft aus.<\/p>\n\n\n\n<p>Aus Ushas direktem Stamm kommen auch vielversprechende Hengste, u.a. Erco van\u2019t Roosakker (v Darco) erfolgreich unter Daniel Deusser (D), George Z (v. Kannan) mit Lorenzo de Luca (ITA) und Kassander van \u2018t Roosakker (v. Echo van\u2019 t Spieveld) mit dem belgischen Top Reiter Gregory Wathelet. Auf ihre Gene und Vererbungskraft setzen wir auch bereits in der Z\u00fcchtervereinigung Mittelerde.<\/p>\n\n\n\n<p><strong>Unsere Pferde aus diesem Stamm:<\/strong><br><a href=\"https:\/\/zv-mittelerde.com\/de\/pferde\/call-me-usha-z\/\">Call me Usha Z <\/a>\u2013 Zuchtstute<br>Vote for me Usha Z &#8211; in der Aufzucht<br><a href=\"https:\/\/zv-mittelerde.com\/de\/pferde\/moria-von-der-mittelerde\/\">Moria von der Mittelerde<\/a> &#8211; in der Aufzucht<br><\/p>\n","protected":false},"excerpt":{"rendered":"<p>Wie anfangs erw\u00e4hnt ist eine top Stutenlinie mit nachhaltig bewiesener Spitzenqualit\u00e4t und ihrer Vererbungssicherheit von ganz besonderer Bedeutung. Mit der&nbsp;Usha van\u2019t Roosakker-Linie haben wir uns ganz genau so einen Mutterstamm in den Stall holen k\u00f6nnen. Aus ihm sind bereits viele internationale Sportpferde sowie gek\u00f6rte Hengste hervorgegangen. Und schon Ushas Z\u00fcchter, [&hellip;]<\/p>\n","protected":false},"author":1,"featured_media":3913,"parent":0,"menu_order":0,"comment_status":"closed","ping_status":"closed","template":"","meta":{"advgb_blocks_editor_width":"","advgb_blocks_columns_visual_guide":"","_themeisle_gutenberg_block_has_review":false,"footnotes":""},"class_list":["post-2531","page","type-page","status-publish","has-post-thumbnail","hentry"],"coauthors":[],"author_meta":{"author_link":"https:\/\/zv-mittelerde.com\/de\/author\/3043413\/","display_name":"3043413"},"relative_dates":{"created":"Posted 5\u00a0Jahren ago","modified":"Updated 6\u00a0Monaten ago"},"absolute_dates":{"created":"Posted on 3. Mai 2021","modified":"Updated on 13. Oktober 2025"},"absolute_dates_time":{"created":"Posted on 3. Mai 2021 22:28","modified":"Updated on 13. Oktober 2025 17:51"},"featured_img_caption":"","featured_img":"https:\/\/ml4lkx9mggju.i.optimole.com\/w:auto\/h:auto\/q:mauto\/g:sm\/f:best\/ig:avif\/https:\/\/zv-mittelerde.com\/wp-content\/uploads\/2024\/03\/Usha-Stamm.png","series_order":"","_links":{"self":[{"href":"https:\/\/zv-mittelerde.com\/de\/wp-json\/wp\/v2\/pages\/2531","targetHints":{"allow":["GET"]}}],"collection":[{"href":"https:\/\/zv-mittelerde.com\/de\/wp-json\/wp\/v2\/pages"}],"about":[{"href":"https:\/\/zv-mittelerde.com\/de\/wp-json\/wp\/v2\/types\/page"}],"author":[{"embeddable":true,"href":"https:\/\/zv-mittelerde.com\/de\/wp-json\/wp\/v2\/users\/1"}],"replies":[{"embeddable":true,"href":"https:\/\/zv-mittelerde.com\/de\/wp-json\/wp\/v2\/comments?post=2531"}],"version-history":[{"count":16,"href":"https:\/\/zv-mittelerde.com\/de\/wp-json\/wp\/v2\/pages\/2531\/revisions"}],"predecessor-version":[{"id":4374,"href":"https:\/\/zv-mittelerde.com\/de\/wp-json\/wp\/v2\/pages\/2531\/revisions\/4374"}],"wp:featuredmedia":[{"embeddable":true,"href":"https:\/\/zv-mittelerde.com\/de\/wp-json\/wp\/v2\/media\/3913"}],"wp:attachment":[{"href":"https:\/\/zv-mittelerde.com\/de\/wp-json\/wp\/v2\/media?parent=2531"}],"curies":[{"name":"wp","href":"https:\/\/api.w.org\/{rel}","templated":true}]}}