{"id":2532,"date":"2021-05-03T22:28:58","date_gmt":"2021-05-03T20:28:58","guid":{"rendered":"https:\/\/zv-mittelerde.com\/?page_id=2532"},"modified":"2025-10-13T17:48:55","modified_gmt":"2025-10-13T15:48:55","slug":"la-belle-van-sombeke","status":"publish","type":"page","link":"https:\/\/zv-mittelerde.com\/de\/la-belle-van-sombeke\/","title":{"rendered":"La Belle van Sombeke"},"content":{"rendered":"\n<figure class=\"wp-block-image size-full\"><img data-opt-id=2020717576  fetchpriority=\"high\" loading=\"eager\" decoding=\"async\" width=\"2560\" height=\"1810\" src=\"https:\/\/ml4lkx9mggju.i.optimole.com\/w:auto\/h:auto\/q:mauto\/g:sm\/f:best\/ig:avif\/https:\/\/zv-mittelerde.com\/wp-content\/uploads\/2023\/11\/La-Belle-1-scaled.jpeg\" alt=\"\" class=\"wp-image-3759\" srcset=\"https:\/\/ml4lkx9mggju.i.optimole.com\/w:1527\/h:1080\/q:mauto\/g:sm\/f:best\/ig:avif\/https:\/\/zv-mittelerde.com\/wp-content\/uploads\/2023\/11\/La-Belle-1-scaled.jpeg 2560w, https:\/\/ml4lkx9mggju.i.optimole.com\/w:300\/h:212\/q:mauto\/g:sm\/f:best\/ig:avif\/https:\/\/zv-mittelerde.com\/wp-content\/uploads\/2023\/11\/La-Belle-1-scaled.jpeg 300w, https:\/\/ml4lkx9mggju.i.optimole.com\/w:1024\/h:724\/q:mauto\/g:sm\/f:best\/ig:avif\/https:\/\/zv-mittelerde.com\/wp-content\/uploads\/2023\/11\/La-Belle-1-scaled.jpeg 1024w, https:\/\/ml4lkx9mggju.i.optimole.com\/w:768\/h:543\/q:mauto\/g:sm\/f:best\/ig:avif\/https:\/\/zv-mittelerde.com\/wp-content\/uploads\/2023\/11\/La-Belle-1-scaled.jpeg 768w, https:\/\/ml4lkx9mggju.i.optimole.com\/w:1527\/h:1080\/q:mauto\/g:sm\/f:best\/ig:avif\/https:\/\/zv-mittelerde.com\/wp-content\/uploads\/2023\/11\/La-Belle-1-scaled.jpeg 1536w, https:\/\/ml4lkx9mggju.i.optimole.com\/w:1527\/h:1080\/q:mauto\/g:sm\/f:best\/ig:avif\/https:\/\/zv-mittelerde.com\/wp-content\/uploads\/2023\/11\/La-Belle-1-scaled.jpeg 2048w, https:\/\/ml4lkx9mggju.i.optimole.com\/w:18\/h:12\/q:mauto\/g:sm\/f:best\/ig:avif\/https:\/\/zv-mittelerde.com\/wp-content\/uploads\/2023\/11\/La-Belle-1-scaled.jpeg 18w, https:\/\/ml4lkx9mggju.i.optimole.com\/w:1320\/h:933\/q:mauto\/g:sm\/f:best\/ig:avif\/https:\/\/zv-mittelerde.com\/wp-content\/uploads\/2023\/11\/La-Belle-1-scaled.jpeg 1320w, https:\/\/ml4lkx9mggju.i.optimole.com\/w:1527\/h:1080\/q:mauto\/g:sm\/f:best\/ig:avif\/dpr:2\/https:\/\/zv-mittelerde.com\/wp-content\/uploads\/2023\/11\/La-Belle-1-scaled.jpeg 2x\" sizes=\"auto, (max-width: 750px) 100vw, 750px\" \/><\/figure>\n\n\n\n<p>Die Geschichte der Mutterlinie von&nbsp;<strong>La Belle van Sombeke<\/strong>&nbsp;liest sich wie ein M\u00e4rchen. Ein M\u00e4rchen das im Besonderen auch auf den genetischen Wurzeln ihrer Vaterseite beruht. Ihr Vater Goliath Z von Graf Gotthard, ein Zuchtprodukt aus der Jahrhundert-Stute Heureka, die auch Gro\u00dfmutter der nicht weniger ber\u00fchmten Ratina Z (m. Ludger Beerbaum) ist, hat dieser Linie alles mitgegeben was die Nachkommen von La Belle van Sombeke so au\u00dfergew\u00f6hnlich gemacht hat. Nahezu alle Nachkommen haben sich im Sport bew\u00e4hrt und \u00fcberzeugen gleicherma\u00dfen durch konstante Vererbungskraft bis weit \u00fcber die vierte Generation hinaus.<\/p>\n\n\n\n<p>\u00dcber Bewegung, Kraft und gute Reflexe bis hin zu Verm\u00f6gen und Rittigkeit besitzt diese Mutterlinie alles was ein top Sportpferd ausmacht. Nachkommen aus diesem Stamm sind bekannt f\u00fcr ihre Sanftm\u00fctigkeit im Handling, aber mit gewaltigem Sprungpotential und Siegeswillen, wenn\u2018s drauf ankommt \u2013 eine ideale Mischung f\u00fcr den ambitionierten Sport- oder auch Freizeitreiter.<\/p>\n\n\n\n<p>\u00dcber die H\u00e4lfte der Nachkommen von La Belle van Sombeke selbst sind oder waren im Sport erfolgreich, davon vier sogar auf internationalem 1,60m Niveau. Eine von ihnen Ta Belle van Sombeke, die unter Jos Lansink unz\u00e4hlige Gro\u00dfe- und Nationenpreise gewann. Z\u00fcchterisch hat Ta Belle mit Glock\u2019s London (Gerco Schr\u00f6der, NLD), Taran de la Pomme (m. Karline de Brabander, BEL), Golden Hawk (m. Shane Breen, IRL) sowie A Pikachu de Muze (m. Billy Twomey, IRL), sogar vier gek\u00f6rte S\u00f6hne gebracht, die auf Weltniveau unterwegs waren. Die gleichen z\u00fcchterischen Qualit\u00e4ten zeigt Tochter Beauty-Belle van\u2019t Roosakker (v. Nabab de Reve). Ihre Kinder und Kindeskinder landen fast alle ausnahmslos auf der ganz gro\u00dfen B\u00fchne. Besonders zu erw\u00e4hnen ist Mumbai (v. Diamant de Semilly x Nabab de Reve x Chin Chin), der bereits neunj\u00e4hrig mit seinem Reiter Christian Kukuk an den Olympischen Spielen in Tokyo teilnahm und in Riesenbeck bei den Europameisterschaften auf Platz 4 der Einzelwertung landete.<\/p>\n\n\n\n<p>Die erkennbar konsequente Anpaarung mit den besten Hengsten der Welt zeigt, wie erfolgreiche, auf Leistung selektierende Belgische Springpferdezucht, funktioniert. Damit ist die La Belle van Sombeke Mutterlinie ein Garant f\u00fcr die erfolgreiche Sportkariere.<\/p>\n\n\n\n<p>So brachte die Anpaarung mit Kannan die Tochter Ba Belle (auch Ba Belle vant\u2019t Roosakker), die ebenfalls auf 1,60m Niveau erfolgreich startete. In der weiteren Folge mit Diamant de Semilly angepaart kam Ratina Kervec, die Mutter von unserer<a href=\"https:\/\/zv-mittelerde.com\/de\/pferde\/jingle-star-von-der-mittelerde\/\">&nbsp;Jingle Star Kervec.<\/a>&nbsp;Schon w\u00e4hrend ihrer Sportkarriere, die unter Top Reiter Julien Epaillard auch bis auf 1,60m Niveau ging, wurde Ratina Kervec zur Zucht eingesetzt. Die Traumanpaarung mit Quick Star zeigt bereits beachtliche Ergebnisse. Der 2012 geborene Vollbruder von Jingle Star, Cuick Star Kervec, ist unter seinem Reiter Shane Breen (IRL) bereits siegreich in internationalen 1,60m Parcours. Die 2011 geborene Tochter Babelle Kervec (v. Quabrice Bois Margot) ist ebenfalls auf 1,45m Level erfolgreich und hat ihrerseits Nachkommen, die auch schon mit dem Sport begonnen haben.<\/p>\n\n\n\n<p>Weitere top bekannte Nachkommen aus dieser Mutterlinie sind u.a. Wabelle de Muze (m. Damien Haeltermann, BEL), Oak Grove\u2019s Heartfelt (m. Harm Lahde, DEU), Quabelle (m. Blythe Karolyi, USA), Casimir de la Pomme (m. Alexandros Fourlis, GRC), Arac du Seigneur Z (m. Angelique R\u00fcsen und Christian Ahlmann, beide DEU), Taran de la Pomme (m. Karline de Brabander, BEL), Walkure van Sombeke (m. Wilm Vermeir, BEL), sowie VDL Groep Eureka (m. Maikel van der Vleuten, NLD) und ihr Enkel Opium JW van de Moerhoeve (v. Kannan) aus Tochter Ischgl de Muze von Nabab de Reve.<\/p>\n\n\n\n<p><strong>La Belle van Sombeke<\/strong>&nbsp;\u2013 eine Mutterlinie die man sich merken sollte.<\/p>\n\n\n\n<p><strong>Unsere Pferde aus diesem Stamm:<\/strong><br><a href=\"https:\/\/zv-mittelerde.com\/de\/pferde\/jingle-star-von-der-mittelerde\/\">Jingle Star Kervec<\/a> \u2013 verkauft<br><a href=\"https:\/\/zv-mittelerde.com\/de\/pferde\/curufin-von-der-mittelerde\/\">Curufin von der Mittelerde<\/a> &#8211; verkauft<br><a href=\"https:\/\/zv-mittelerde.com\/de\/pferde\/ubelle-von-der-mittelerde\/\">Ubelle von der Mittelerde<\/a> &#8211; in der Aufzucht<\/p>\n","protected":false},"excerpt":{"rendered":"<p>Die Geschichte der Mutterlinie von&nbsp;La Belle van Sombeke&nbsp;liest sich wie ein M\u00e4rchen. Ein M\u00e4rchen das im Besonderen auch auf den genetischen Wurzeln ihrer Vaterseite beruht. Ihr Vater Goliath Z von Graf Gotthard, ein Zuchtprodukt aus der Jahrhundert-Stute Heureka, die auch Gro\u00dfmutter der nicht weniger ber\u00fchmten Ratina Z (m. Ludger Beerbaum) [&hellip;]<\/p>\n","protected":false},"author":1,"featured_media":3156,"parent":0,"menu_order":0,"comment_status":"closed","ping_status":"closed","template":"","meta":{"advgb_blocks_editor_width":"","advgb_blocks_columns_visual_guide":"","_themeisle_gutenberg_block_has_review":false,"footnotes":""},"class_list":["post-2532","page","type-page","status-publish","has-post-thumbnail","hentry"],"coauthors":[],"author_meta":{"author_link":"https:\/\/zv-mittelerde.com\/de\/author\/3043413\/","display_name":"3043413"},"relative_dates":{"created":"Posted 5\u00a0Jahren ago","modified":"Updated 6\u00a0Monaten ago"},"absolute_dates":{"created":"Posted on 3. Mai 2021","modified":"Updated on 13. Oktober 2025"},"absolute_dates_time":{"created":"Posted on 3. Mai 2021 22:28","modified":"Updated on 13. Oktober 2025 17:48"},"featured_img_caption":"","featured_img":"https:\/\/ml4lkx9mggju.i.optimole.com\/w:auto\/h:auto\/q:mauto\/g:sm\/f:best\/ig:avif\/https:\/\/zv-mittelerde.com\/wp-content\/uploads\/2022\/11\/La-Belle-van-Sombeke.jpeg","series_order":"","_links":{"self":[{"href":"https:\/\/zv-mittelerde.com\/de\/wp-json\/wp\/v2\/pages\/2532","targetHints":{"allow":["GET"]}}],"collection":[{"href":"https:\/\/zv-mittelerde.com\/de\/wp-json\/wp\/v2\/pages"}],"about":[{"href":"https:\/\/zv-mittelerde.com\/de\/wp-json\/wp\/v2\/types\/page"}],"author":[{"embeddable":true,"href":"https:\/\/zv-mittelerde.com\/de\/wp-json\/wp\/v2\/users\/1"}],"replies":[{"embeddable":true,"href":"https:\/\/zv-mittelerde.com\/de\/wp-json\/wp\/v2\/comments?post=2532"}],"version-history":[{"count":16,"href":"https:\/\/zv-mittelerde.com\/de\/wp-json\/wp\/v2\/pages\/2532\/revisions"}],"predecessor-version":[{"id":4372,"href":"https:\/\/zv-mittelerde.com\/de\/wp-json\/wp\/v2\/pages\/2532\/revisions\/4372"}],"wp:featuredmedia":[{"embeddable":true,"href":"https:\/\/zv-mittelerde.com\/de\/wp-json\/wp\/v2\/media\/3156"}],"wp:attachment":[{"href":"https:\/\/zv-mittelerde.com\/de\/wp-json\/wp\/v2\/media?parent=2532"}],"curies":[{"name":"wp","href":"https:\/\/api.w.org\/{rel}","templated":true}]}}