{"id":2533,"date":"2021-05-03T22:29:01","date_gmt":"2021-05-03T20:29:01","guid":{"rendered":"https:\/\/zv-mittelerde.com\/?page_id=2533"},"modified":"2025-10-13T17:53:46","modified_gmt":"2025-10-13T15:53:46","slug":"elite-vi-holsteiner-stamm-1446","status":"publish","type":"page","link":"https:\/\/zv-mittelerde.com\/de\/elite-vi-holsteiner-stamm-1446\/","title":{"rendered":"Elite VI &#8211; Stamm 1446"},"content":{"rendered":"\n<figure class=\"wp-block-image size-large\"><img data-opt-id=666195828  fetchpriority=\"high\" loading=\"eager\" decoding=\"async\" width=\"1024\" height=\"724\" src=\"https:\/\/ml4lkx9mggju.i.optimole.com\/w:1024\/h:724\/q:mauto\/g:sm\/f:best\/ig:avif\/https:\/\/zv-mittelerde.com\/wp-content\/uploads\/2024\/07\/Folie5.png\" alt=\"\" class=\"wp-image-4023\" srcset=\"https:\/\/ml4lkx9mggju.i.optimole.com\/w:1024\/h:724\/q:mauto\/g:sm\/f:best\/ig:avif\/https:\/\/zv-mittelerde.com\/wp-content\/uploads\/2024\/07\/Folie5.png 1024w, https:\/\/ml4lkx9mggju.i.optimole.com\/w:300\/h:212\/q:mauto\/g:sm\/f:best\/ig:avif\/https:\/\/zv-mittelerde.com\/wp-content\/uploads\/2024\/07\/Folie5.png 300w, https:\/\/ml4lkx9mggju.i.optimole.com\/w:768\/h:543\/q:mauto\/g:sm\/f:best\/ig:avif\/https:\/\/zv-mittelerde.com\/wp-content\/uploads\/2024\/07\/Folie5.png 768w, https:\/\/ml4lkx9mggju.i.optimole.com\/w:1527\/h:1080\/q:mauto\/g:sm\/f:best\/ig:avif\/https:\/\/zv-mittelerde.com\/wp-content\/uploads\/2024\/07\/Folie5.png 1536w, https:\/\/ml4lkx9mggju.i.optimole.com\/w:1527\/h:1080\/q:mauto\/g:sm\/f:best\/ig:avif\/https:\/\/zv-mittelerde.com\/wp-content\/uploads\/2024\/07\/Folie5.png 2048w, https:\/\/ml4lkx9mggju.i.optimole.com\/w:18\/h:12\/q:mauto\/g:sm\/f:best\/ig:avif\/https:\/\/zv-mittelerde.com\/wp-content\/uploads\/2024\/07\/Folie5.png 18w, https:\/\/ml4lkx9mggju.i.optimole.com\/w:1320\/h:933\/q:mauto\/g:sm\/f:best\/ig:avif\/https:\/\/zv-mittelerde.com\/wp-content\/uploads\/2024\/07\/Folie5.png 1320w, https:\/\/ml4lkx9mggju.i.optimole.com\/w:1527\/h:1080\/q:mauto\/g:sm\/f:best\/ig:avif\/dpr:2\/https:\/\/zv-mittelerde.com\/wp-content\/uploads\/2024\/07\/Folie5.png 2x\" sizes=\"auto, (max-width: 750px) 100vw, 750px\" \/><\/figure>\n\n\n\n<p>Der Stamm 1446 ist ein kleiner aber ganz besonderer Leistungsstamm aus Holstein, der durch aktuelle Sport- und Zuchterfolge wieder in aller Munde ist.<\/p>\n\n\n\n<p>Ausgehend von&nbsp;<strong>Elite VI (v. Landjunker II x Sacramento Song XX)&nbsp;<\/strong>legten im Besonderen zwei ihrer T\u00f6chter, Irina B (v. Capitol I) und Comtesse 165 (v. Contender), die Grundsteine f\u00fcr die heutigen Erfolge dieses Stammes.<\/p>\n\n\n\n<p>W\u00e4hrend die Nachkommen von Comtess bis heute fast ausschlie\u00dflich im Sport aktiv und hoch erfolgreich sind, war es Irina B, die sich neben ihren sportlichen Nachkommen auch in der Zucht erfolgreich durchgesetzt hat. Mit Con Capitol, einem gek\u00f6rten Sohn der Vererberlegende Contender, und S-Capitola v. Cardino setzt sich die Leistungsgenetik des Stammes 1446 in vielen ihrer Nachkommen fort.<\/p>\n\n\n\n<p>S-Capitola schrieb direkt mit ihrem ersten Fohlen (Con Quidam v. Quinar) Geschichte. Der 2006 geborene Hengst geht heute unter der Amazone Sanne Thijssen aus Holland in internationalen Pr\u00fcfungen der h\u00f6chsten Springklasse und endet regelm\u00e4\u00dfig auf dem Siegertreppchen. Einige seiner Erfolge in 2021 waren der 1. Platz beim Grand Prix in Rotterdam, der 2. Platz beim Grand Prix der Global Champions Tour in Valkenswaard und wiederum der 1. Platz im Finale des Longines FEI Nations Cup in Barcelona. Kein Wunder, denn sein Ehrgeiz, seine gute Rittigkeit, sein Verm\u00f6gen sowie seine Leistungsbereitschaft, die ihm bereits von seiner Mutter mitgegeben wurden, machen es Pferd und Reiterin leicht, die Konkurrenz zu dominieren.<\/p>\n\n\n\n<p>Nach ihrem sportlichen Werdegang, der S-Capitola bis zum M** (1,35m) Niveau brachte, ging sie wieder in die Zucht.  Fohlen Nummer zwei nach Con Quidam war bereits ein Mittelerde gezogener Nachkomme.&nbsp;<a href=\"https:\/\/zv-mittelerde.com\/de\/pferde\/ustinov-me\/\">Ustinov von der Mittelerde<\/a>&nbsp;wurde im Alter von drei Jahren gek\u00f6rt. Die anschlie\u00dfende Hengstleistungspr\u00fcfung absolvierte er mit \u00fcberragenden Bewertungen f\u00fcr Rittigkeit und Leistungsbereitschaft. Dar\u00fcber hinaus kommen aus S-Capitola sechs weitere Nachkommen. Alle stammen von Hengsten ab, die die internationale Sportpferdezucht revolutioniert haben \u2013 Verdi N.O.P.,&nbsp;<a href=\"https:\/\/zv-mittelerde.com\/de\/pferde\/kashmina-me\/\">Kashmir van\u2019t Schuttershof<\/a>,&nbsp;<a href=\"https:\/\/zv-mittelerde.com\/de\/pferde\/dial-my-number-me\/\">Diamant de Semilly<\/a>&nbsp;und&nbsp;<a href=\"https:\/\/zv-mittelerde.com\/de\/pferde\/heather-me\/\">Heartbreaker<\/a>.<\/p>\n\n\n\n<p>Aktuell rangiert S-Capitola auf Platz 13 der Weltrangliste der erfolgreichsten Zuchtstuten (gemessen an Preisgeldern der direkten Nachkommen) &#8211; Stand Oktober 2021.<\/p>\n\n\n\n<figure class=\"wp-block-gallery has-nested-images columns-default is-cropped wp-block-gallery-1 is-layout-flex wp-block-gallery-is-layout-flex\">\n<figure class=\"wp-block-image size-large\"><img data-opt-id=1667204615  fetchpriority=\"high\" loading=\"eager\" decoding=\"async\" width=\"1024\" height=\"683\" data-id=\"3794\" src=\"https:\/\/ml4lkx9mggju.i.optimole.com\/w:1024\/h:683\/q:mauto\/g:sm\/f:best\/ig:avif\/https:\/\/zv-mittelerde.com\/wp-content\/uploads\/2023\/11\/Capitola01.jpg\" alt=\"\" class=\"wp-image-3794\" srcset=\"https:\/\/ml4lkx9mggju.i.optimole.com\/w:1024\/h:683\/q:mauto\/g:sm\/f:best\/ig:avif\/https:\/\/zv-mittelerde.com\/wp-content\/uploads\/2023\/11\/Capitola01-scaled.jpg 1024w, https:\/\/ml4lkx9mggju.i.optimole.com\/w:300\/h:200\/q:mauto\/g:sm\/f:best\/ig:avif\/https:\/\/zv-mittelerde.com\/wp-content\/uploads\/2023\/11\/Capitola01-scaled.jpg 300w, https:\/\/ml4lkx9mggju.i.optimole.com\/w:768\/h:512\/q:mauto\/g:sm\/f:best\/ig:avif\/https:\/\/zv-mittelerde.com\/wp-content\/uploads\/2023\/11\/Capitola01-scaled.jpg 768w, https:\/\/ml4lkx9mggju.i.optimole.com\/w:1536\/h:1024\/q:mauto\/g:sm\/f:best\/ig:avif\/https:\/\/zv-mittelerde.com\/wp-content\/uploads\/2023\/11\/Capitola01-scaled.jpg 1536w, https:\/\/ml4lkx9mggju.i.optimole.com\/w:1620\/h:1080\/q:mauto\/g:sm\/f:best\/ig:avif\/https:\/\/zv-mittelerde.com\/wp-content\/uploads\/2023\/11\/Capitola01-scaled.jpg 2048w, https:\/\/ml4lkx9mggju.i.optimole.com\/w:18\/h:12\/q:mauto\/g:sm\/f:best\/ig:avif\/https:\/\/zv-mittelerde.com\/wp-content\/uploads\/2023\/11\/Capitola01-scaled.jpg 18w, https:\/\/ml4lkx9mggju.i.optimole.com\/w:360\/h:240\/q:mauto\/g:sm\/f:best\/ig:avif\/https:\/\/zv-mittelerde.com\/wp-content\/uploads\/2023\/11\/Capitola01-scaled.jpg 360w, https:\/\/ml4lkx9mggju.i.optimole.com\/w:1320\/h:880\/q:mauto\/g:sm\/f:best\/ig:avif\/https:\/\/zv-mittelerde.com\/wp-content\/uploads\/2023\/11\/Capitola01-scaled.jpg 1320w, https:\/\/ml4lkx9mggju.i.optimole.com\/w:1620\/h:1080\/q:mauto\/g:sm\/f:best\/ig:avif\/dpr:2\/https:\/\/zv-mittelerde.com\/wp-content\/uploads\/2023\/11\/Capitola01-scaled.jpg 2x\" sizes=\"auto, (max-width: 750px) 100vw, 750px\" \/><figcaption class=\"wp-element-caption\"><strong>S-Capitola &#8211; Mutter und Gro\u00dfmutter unserer Nachzucht<\/strong><\/figcaption><\/figure>\n\n\n\n<figure class=\"wp-block-image size-large\"><img data-opt-id=1129698073  fetchpriority=\"high\" loading=\"eager\" decoding=\"async\" width=\"683\" height=\"1024\" data-id=\"3793\" src=\"https:\/\/ml4lkx9mggju.i.optimole.com\/w:683\/h:1024\/q:mauto\/g:sm\/f:best\/ig:avif\/https:\/\/zv-mittelerde.com\/wp-content\/uploads\/2023\/11\/Capitola02.jpg\" alt=\"\" class=\"wp-image-3793\" srcset=\"https:\/\/ml4lkx9mggju.i.optimole.com\/w:683\/h:1024\/q:mauto\/g:sm\/f:best\/ig:avif\/https:\/\/zv-mittelerde.com\/wp-content\/uploads\/2023\/11\/Capitola02-scaled.jpg 683w, https:\/\/ml4lkx9mggju.i.optimole.com\/w:200\/h:300\/q:mauto\/g:sm\/f:best\/ig:avif\/https:\/\/zv-mittelerde.com\/wp-content\/uploads\/2023\/11\/Capitola02-scaled.jpg 200w, https:\/\/ml4lkx9mggju.i.optimole.com\/w:720\/h:1080\/q:mauto\/g:sm\/f:best\/ig:avif\/https:\/\/zv-mittelerde.com\/wp-content\/uploads\/2023\/11\/Capitola02-scaled.jpg 768w, https:\/\/ml4lkx9mggju.i.optimole.com\/w:720\/h:1080\/q:mauto\/g:sm\/f:best\/ig:avif\/https:\/\/zv-mittelerde.com\/wp-content\/uploads\/2023\/11\/Capitola02-scaled.jpg 1024w, https:\/\/ml4lkx9mggju.i.optimole.com\/w:719\/h:1080\/q:mauto\/g:sm\/f:best\/ig:avif\/https:\/\/zv-mittelerde.com\/wp-content\/uploads\/2023\/11\/Capitola02-scaled.jpg 1365w, https:\/\/ml4lkx9mggju.i.optimole.com\/w:8\/h:12\/q:mauto\/g:sm\/f:best\/ig:avif\/https:\/\/zv-mittelerde.com\/wp-content\/uploads\/2023\/11\/Capitola02-scaled.jpg 8w, https:\/\/ml4lkx9mggju.i.optimole.com\/w:720\/h:1080\/q:mauto\/g:sm\/f:best\/ig:avif\/https:\/\/zv-mittelerde.com\/wp-content\/uploads\/2023\/11\/Capitola02-scaled.jpg 1320w, https:\/\/ml4lkx9mggju.i.optimole.com\/w:719\/h:1080\/q:mauto\/g:sm\/f:best\/ig:avif\/https:\/\/zv-mittelerde.com\/wp-content\/uploads\/2023\/11\/Capitola02-scaled.jpg 1706w, https:\/\/ml4lkx9mggju.i.optimole.com\/w:719\/h:1080\/q:mauto\/g:sm\/f:best\/ig:avif\/dpr:2\/https:\/\/zv-mittelerde.com\/wp-content\/uploads\/2023\/11\/Capitola02-scaled.jpg 2x\" sizes=\"auto, (max-width: 683px) 100vw, 683px\" \/><figcaption class=\"wp-element-caption\"><strong>S-Capitola (Cardino x Capitol I x Landjunker II)<\/strong><\/figcaption><\/figure>\n<\/figure>\n\n\n\n<p><\/p>\n\n\n\n<p><strong>Unsere Pferde aus diesem Stamm:<\/strong><br><a href=\"https:\/\/zv-mittelerde.com\/de\/pferde\/ustinov-me\/\">Ustinov von der Mittelerde<\/a> \u2013 aktuell im Sport<br><a href=\"https:\/\/zv-mittelerde.com\/de\/pferde\/verdino-me\/\">Verdino von der Mittelerde<\/a> \u2013 verkauft<br><a href=\"https:\/\/zv-mittelerde.com\/de\/pferde\/kashmina-me\/\">Kashmina von der Mittelerde<\/a> &#8211; Zuchtstute<br><a href=\"https:\/\/zv-mittelerde.com\/de\/pferde\/dial-my-number-me\/\">Dial my Number von der Mittelerde<\/a>&#8211; aktuell in der Sportausbildung<br><a href=\"https:\/\/zv-mittelerde.com\/de\/pferde\/have-a-break-me\/\">Have a Break ME<\/a> &#8211; verkauft<br><a href=\"https:\/\/zv-mittelerde.com\/de\/pferde\/heathrow-me-z\/\">Heathrow ME<\/a> &#8211; verkauft<br><a href=\"https:\/\/zv-mittelerde.com\/de\/pferde\/heather-me\/\">Heather von der Mittelerde<\/a> &#8211; aktuell in der Sportausbildung<br><a href=\"https:\/\/zv-mittelerde.com\/de\/pferde\/hobbit-von-der-mittelerde\/\">Hobbit von der Mittelerde<\/a> &#8211; aktuell in der Sportausbildung<br><a href=\"https:\/\/zv-mittelerde.com\/de\/pferde\/adele-von-der-mittelerde\/\">Adele von der Mittelerde<\/a> &#8211; verkauft<br><a href=\"https:\/\/zv-mittelerde.com\/de\/pferde\/vanyar-von-der-mittelerde\/\">Vanyar von der Mittelerde<\/a> &#8211; verkauft<\/p>\n\n\n\n<p><\/p>\n","protected":false},"excerpt":{"rendered":"<p>Der Stamm 1446 ist ein kleiner aber ganz besonderer Leistungsstamm aus Holstein, der durch aktuelle Sport- und Zuchterfolge wieder in aller Munde ist. Ausgehend von&nbsp;Elite VI (v. Landjunker II x Sacramento Song XX)&nbsp;legten im Besonderen zwei ihrer T\u00f6chter, Irina B (v. Capitol I) und Comtesse 165 (v. Contender), die Grundsteine [&hellip;]<\/p>\n","protected":false},"author":1,"featured_media":2418,"parent":0,"menu_order":0,"comment_status":"closed","ping_status":"closed","template":"","meta":{"advgb_blocks_editor_width":"","advgb_blocks_columns_visual_guide":"","_themeisle_gutenberg_block_has_review":false,"footnotes":""},"class_list":["post-2533","page","type-page","status-publish","has-post-thumbnail","hentry"],"coauthors":[],"author_meta":{"author_link":"https:\/\/zv-mittelerde.com\/de\/author\/3043413\/","display_name":"3043413"},"relative_dates":{"created":"Posted 5\u00a0Jahren ago","modified":"Updated 6\u00a0Monaten ago"},"absolute_dates":{"created":"Posted on 3. Mai 2021","modified":"Updated on 13. Oktober 2025"},"absolute_dates_time":{"created":"Posted on 3. Mai 2021 22:29","modified":"Updated on 13. Oktober 2025 17:53"},"featured_img_caption":"","featured_img":"https:\/\/ml4lkx9mggju.i.optimole.com\/w:auto\/h:auto\/q:mauto\/g:sm\/f:best\/ig:avif\/https:\/\/zv-mittelerde.com\/wp-content\/uploads\/2021\/03\/Elite-VI.jpeg","series_order":"","_links":{"self":[{"href":"https:\/\/zv-mittelerde.com\/de\/wp-json\/wp\/v2\/pages\/2533","targetHints":{"allow":["GET"]}}],"collection":[{"href":"https:\/\/zv-mittelerde.com\/de\/wp-json\/wp\/v2\/pages"}],"about":[{"href":"https:\/\/zv-mittelerde.com\/de\/wp-json\/wp\/v2\/types\/page"}],"author":[{"embeddable":true,"href":"https:\/\/zv-mittelerde.com\/de\/wp-json\/wp\/v2\/users\/1"}],"replies":[{"embeddable":true,"href":"https:\/\/zv-mittelerde.com\/de\/wp-json\/wp\/v2\/comments?post=2533"}],"version-history":[{"count":31,"href":"https:\/\/zv-mittelerde.com\/de\/wp-json\/wp\/v2\/pages\/2533\/revisions"}],"predecessor-version":[{"id":4375,"href":"https:\/\/zv-mittelerde.com\/de\/wp-json\/wp\/v2\/pages\/2533\/revisions\/4375"}],"wp:featuredmedia":[{"embeddable":true,"href":"https:\/\/zv-mittelerde.com\/de\/wp-json\/wp\/v2\/media\/2418"}],"wp:attachment":[{"href":"https:\/\/zv-mittelerde.com\/de\/wp-json\/wp\/v2\/media?parent=2533"}],"curies":[{"name":"wp","href":"https:\/\/api.w.org\/{rel}","templated":true}]}}