{"id":2534,"date":"2021-05-03T22:29:07","date_gmt":"2021-05-03T20:29:07","guid":{"rendered":"https:\/\/zv-mittelerde.com\/?page_id=2534"},"modified":"2023-11-28T17:17:42","modified_gmt":"2023-11-28T16:17:42","slug":"anouska-van-de-fruitkorf","status":"publish","type":"page","link":"https:\/\/zv-mittelerde.com\/de\/anouska-van-de-fruitkorf\/","title":{"rendered":"Anouska van de Fruitkorf"},"content":{"rendered":"\n<figure class=\"wp-block-image size-full\"><img data-opt-id=1915661428  fetchpriority=\"high\" loading=\"eager\" decoding=\"async\" width=\"2560\" height=\"1810\" src=\"https:\/\/ml4lkx9mggju.i.optimole.com\/w:auto\/h:auto\/q:mauto\/g:sm\/f:best\/ig:avif\/https:\/\/zv-mittelerde.com\/wp-content\/uploads\/2023\/11\/Kayley-1-scaled.jpeg\" alt=\"\" class=\"wp-image-3766\" srcset=\"https:\/\/ml4lkx9mggju.i.optimole.com\/w:1527\/h:1080\/q:mauto\/g:sm\/f:best\/ig:avif\/https:\/\/zv-mittelerde.com\/wp-content\/uploads\/2023\/11\/Kayley-1-scaled.jpeg 2560w, https:\/\/ml4lkx9mggju.i.optimole.com\/w:300\/h:212\/q:mauto\/g:sm\/f:best\/ig:avif\/https:\/\/zv-mittelerde.com\/wp-content\/uploads\/2023\/11\/Kayley-1-scaled.jpeg 300w, https:\/\/ml4lkx9mggju.i.optimole.com\/w:1024\/h:724\/q:mauto\/g:sm\/f:best\/ig:avif\/https:\/\/zv-mittelerde.com\/wp-content\/uploads\/2023\/11\/Kayley-1-scaled.jpeg 1024w, https:\/\/ml4lkx9mggju.i.optimole.com\/w:768\/h:543\/q:mauto\/g:sm\/f:best\/ig:avif\/https:\/\/zv-mittelerde.com\/wp-content\/uploads\/2023\/11\/Kayley-1-scaled.jpeg 768w, https:\/\/ml4lkx9mggju.i.optimole.com\/w:1527\/h:1080\/q:mauto\/g:sm\/f:best\/ig:avif\/https:\/\/zv-mittelerde.com\/wp-content\/uploads\/2023\/11\/Kayley-1-scaled.jpeg 1536w, https:\/\/ml4lkx9mggju.i.optimole.com\/w:1527\/h:1080\/q:mauto\/g:sm\/f:best\/ig:avif\/https:\/\/zv-mittelerde.com\/wp-content\/uploads\/2023\/11\/Kayley-1-scaled.jpeg 2048w, https:\/\/ml4lkx9mggju.i.optimole.com\/w:18\/h:12\/q:mauto\/g:sm\/f:best\/ig:avif\/https:\/\/zv-mittelerde.com\/wp-content\/uploads\/2023\/11\/Kayley-1-scaled.jpeg 18w, https:\/\/ml4lkx9mggju.i.optimole.com\/w:1320\/h:933\/q:mauto\/g:sm\/f:best\/ig:avif\/https:\/\/zv-mittelerde.com\/wp-content\/uploads\/2023\/11\/Kayley-1-scaled.jpeg 1320w, https:\/\/ml4lkx9mggju.i.optimole.com\/w:1527\/h:1080\/q:mauto\/g:sm\/f:best\/ig:avif\/dpr:2\/https:\/\/zv-mittelerde.com\/wp-content\/uploads\/2023\/11\/Kayley-1-scaled.jpeg 2x\" sizes=\"auto, (max-width: 750px) 100vw, 750px\" \/><\/figure>\n\n\n\n<p>Die Mutterlinie der&nbsp;<strong>Anouska van de Fruitkorf<\/strong>&nbsp;ist klein, aber sie zeigt einmal mehr auf, wie wichtig die Vorausschau in der Zucht ist (man sagt \u201eDenken in Generationen\u201c) und wie lange es trotzdem dauert, bis sich daraus ein derart z\u00fcchteriches Qualit\u00e4tsprodukt entwickelt, das die Klasse besitzt, bis auf internationales Niveau hinaufzusteigen.&nbsp;<\/p>\n\n\n\n<p>Es war der Hannoveraner Stamm der K\u00f6nigsheldin (Schridde 957), der Anfang bis Mitte der achtziger Jahre in zwei Generationen hintereinander mit Vollbluthengsten gez\u00fcchtet und veredelt wurde. Zun\u00e4chst war es die Halbblutstute Sharon von Shogun XX aus der Hannoveraner Warmblutstute Glanzart, die sp\u00e4ter nach Belgien verkauft wurde. Dort angepaart mit Vollblut Dark Proposal XX, erreichte sie ihren sportlichen Durchbruch f\u00fcr diese Mutterlinie. Die stark blutgepr\u00e4gte Miss Magic (aus der Sharon) wurde mit Weltklasse Hengst Darco besamt und herauskam, Twice as Nice van de Fruitkorf.<\/p>\n\n\n\n<p>Und genau hier erkennt man r\u00fcckblickend die geniale Weitsicht des Zuchtstalls van de Fruitkorf. Mit der genetischen Traumverbindung durch Kannan auf Darco und mit den hoch bl\u00fctig gezogenen Generationen vorher, wurde aus der Twice as Nice van de Fruitkorf im Jahr 2000 Anouska van de Fruitkorf zur Welt gebracht.<\/p>\n\n\n\n<p>Anouska war es dann, die ihren Weg bis in die h\u00f6chste Springklasse gemacht hat, zun\u00e4chst in Europa und sp\u00e4ter in Brasilien. Anouska ist eine K\u00e4mpferin mit viel Energie, Leistungsbereitschaft, genialer Hinterhandtechnik am Sprung und \u00fcberdurchschnittlichem Verm\u00f6gen und damit die genetische Schl\u00fcsselfigur f\u00fcr diese besondere Mutterlinie.<\/p>\n\n\n\n<p>Der Stall Mittelerde f\u00fchrt mit Anouskas Tochter&nbsp;<a href=\"https:\/\/zv-mittelerde.com\/de\/pferde\/kayley-dv\/\">Kayley DV&nbsp;<\/a>die Gene dieses bedeutenden Stammes weiter. Kayley war selbst bis 1,35m unter Kai Schaffner erfolgreich bevor sie mit Early Bird ME (von Emerald), Trinidad ME und Tolkien von der Mittelerde (beide von Toulon) in bemerkenswerter Weise auch z\u00fcchterisch auf sich aufmerksam machte.<\/p>\n\n\n\n<p>Allein diese drei Nachkommen werden in den kommenden Jahren noch viel von sich h\u00f6ren lassen.<\/p>\n\n\n\n<p><strong>Unsere Pferde aus diesem Stamm:<\/strong><br><a href=\"https:\/\/zv-mittelerde.com\/de\/pferde\/kayley-dv\/\">Kayley DV<\/a> &#8211; &#8211; Zuchtstute \/ f\u00fcr 2024 tragend von Dourkhan Hero Z (Termin 06\/2024)<br><a href=\"https:\/\/zv-mittelerde.com\/de\/pferde\/early-bird-me\/\">Early Bird ME<\/a> &#8211; verkauft \/ im Sport<br><a href=\"https:\/\/zv-mittelerde.com\/de\/pferde\/trinidad-me\/\">Trinidad ME<\/a> &#8211; verkauft \/ im Sport<br><a href=\"https:\/\/zv-mittelerde.com\/de\/pferde\/tolkien-von-der-mittelerde\/\">Tolkien von der Mittelerde<\/a> &#8211; in der Ausbildung<br><a href=\"https:\/\/zv-mittelerde.com\/de\/pferde\/eldar-von-der-mittelerde\/\">Eldar von der Mittelerde<\/a> &#8211; in der Aufzucht<\/p>\n","protected":false},"excerpt":{"rendered":"<p>Die Mutterlinie der&nbsp;Anouska van de Fruitkorf&nbsp;ist klein, aber sie zeigt einmal mehr auf, wie wichtig die Vorausschau in der Zucht ist (man sagt \u201eDenken in Generationen\u201c) und wie lange es trotzdem dauert, bis sich daraus ein derart z\u00fcchteriches Qualit\u00e4tsprodukt entwickelt, das die Klasse besitzt, bis auf internationales Niveau hinaufzusteigen.&nbsp; Es [&hellip;]<\/p>\n","protected":false},"author":1,"featured_media":3148,"parent":0,"menu_order":0,"comment_status":"closed","ping_status":"closed","template":"","meta":{"advgb_blocks_editor_width":"","advgb_blocks_columns_visual_guide":"","_themeisle_gutenberg_block_has_review":false,"footnotes":""},"class_list":["post-2534","page","type-page","status-publish","has-post-thumbnail","hentry"],"coauthors":[],"author_meta":{"author_link":"https:\/\/zv-mittelerde.com\/de\/author\/3043413\/","display_name":"3043413"},"relative_dates":{"created":"Posted 5\u00a0Jahren ago","modified":"Updated 2\u00a0Jahren ago"},"absolute_dates":{"created":"Posted on 3. Mai 2021","modified":"Updated on 28. November 2023"},"absolute_dates_time":{"created":"Posted on 3. Mai 2021 22:29","modified":"Updated on 28. November 2023 17:17"},"featured_img_caption":"","featured_img":"https:\/\/ml4lkx9mggju.i.optimole.com\/w:auto\/h:auto\/q:mauto\/g:sm\/f:best\/ig:avif\/https:\/\/zv-mittelerde.com\/wp-content\/uploads\/2022\/11\/Anouska-van-de-Fruitkorf.jpeg","series_order":"","_links":{"self":[{"href":"https:\/\/zv-mittelerde.com\/de\/wp-json\/wp\/v2\/pages\/2534","targetHints":{"allow":["GET"]}}],"collection":[{"href":"https:\/\/zv-mittelerde.com\/de\/wp-json\/wp\/v2\/pages"}],"about":[{"href":"https:\/\/zv-mittelerde.com\/de\/wp-json\/wp\/v2\/types\/page"}],"author":[{"embeddable":true,"href":"https:\/\/zv-mittelerde.com\/de\/wp-json\/wp\/v2\/users\/1"}],"replies":[{"embeddable":true,"href":"https:\/\/zv-mittelerde.com\/de\/wp-json\/wp\/v2\/comments?post=2534"}],"version-history":[{"count":20,"href":"https:\/\/zv-mittelerde.com\/de\/wp-json\/wp\/v2\/pages\/2534\/revisions"}],"predecessor-version":[{"id":3786,"href":"https:\/\/zv-mittelerde.com\/de\/wp-json\/wp\/v2\/pages\/2534\/revisions\/3786"}],"wp:featuredmedia":[{"embeddable":true,"href":"https:\/\/zv-mittelerde.com\/de\/wp-json\/wp\/v2\/media\/3148"}],"wp:attachment":[{"href":"https:\/\/zv-mittelerde.com\/de\/wp-json\/wp\/v2\/media?parent=2534"}],"curies":[{"name":"wp","href":"https:\/\/api.w.org\/{rel}","templated":true}]}}