{"id":3024,"date":"2022-03-27T17:44:49","date_gmt":"2022-03-27T15:44:49","guid":{"rendered":"https:\/\/zv-mittelerde.com\/?page_id=3024"},"modified":"2025-10-23T11:58:24","modified_gmt":"2025-10-23T09:58:24","slug":"fairness-iii","status":"publish","type":"page","link":"https:\/\/zv-mittelerde.com\/de\/fairness-iii\/","title":{"rendered":"Fairness III"},"content":{"rendered":"\n<figure class=\"wp-block-image size-full\"><img data-opt-id=883983761  fetchpriority=\"high\" loading=\"eager\" decoding=\"async\" width=\"2560\" height=\"1810\" src=\"https:\/\/ml4lkx9mggju.i.optimole.com\/w:auto\/h:auto\/q:mauto\/g:sm\/f:best\/ig:avif\/https:\/\/zv-mittelerde.com\/wp-content\/uploads\/2023\/11\/Fairness-1-scaled.jpeg\" alt=\"\" class=\"wp-image-3762\" srcset=\"https:\/\/ml4lkx9mggju.i.optimole.com\/w:1527\/h:1080\/q:mauto\/g:sm\/f:best\/ig:avif\/https:\/\/zv-mittelerde.com\/wp-content\/uploads\/2023\/11\/Fairness-1-scaled.jpeg 2560w, https:\/\/ml4lkx9mggju.i.optimole.com\/w:300\/h:212\/q:mauto\/g:sm\/f:best\/ig:avif\/https:\/\/zv-mittelerde.com\/wp-content\/uploads\/2023\/11\/Fairness-1-scaled.jpeg 300w, https:\/\/ml4lkx9mggju.i.optimole.com\/w:1024\/h:724\/q:mauto\/g:sm\/f:best\/ig:avif\/https:\/\/zv-mittelerde.com\/wp-content\/uploads\/2023\/11\/Fairness-1-scaled.jpeg 1024w, https:\/\/ml4lkx9mggju.i.optimole.com\/w:768\/h:543\/q:mauto\/g:sm\/f:best\/ig:avif\/https:\/\/zv-mittelerde.com\/wp-content\/uploads\/2023\/11\/Fairness-1-scaled.jpeg 768w, https:\/\/ml4lkx9mggju.i.optimole.com\/w:1527\/h:1080\/q:mauto\/g:sm\/f:best\/ig:avif\/https:\/\/zv-mittelerde.com\/wp-content\/uploads\/2023\/11\/Fairness-1-scaled.jpeg 1536w, https:\/\/ml4lkx9mggju.i.optimole.com\/w:1527\/h:1080\/q:mauto\/g:sm\/f:best\/ig:avif\/https:\/\/zv-mittelerde.com\/wp-content\/uploads\/2023\/11\/Fairness-1-scaled.jpeg 2048w, https:\/\/ml4lkx9mggju.i.optimole.com\/w:18\/h:12\/q:mauto\/g:sm\/f:best\/ig:avif\/https:\/\/zv-mittelerde.com\/wp-content\/uploads\/2023\/11\/Fairness-1-scaled.jpeg 18w, https:\/\/ml4lkx9mggju.i.optimole.com\/w:1320\/h:933\/q:mauto\/g:sm\/f:best\/ig:avif\/https:\/\/zv-mittelerde.com\/wp-content\/uploads\/2023\/11\/Fairness-1-scaled.jpeg 1320w, https:\/\/ml4lkx9mggju.i.optimole.com\/w:1527\/h:1080\/q:mauto\/g:sm\/f:best\/ig:avif\/dpr:2\/https:\/\/zv-mittelerde.com\/wp-content\/uploads\/2023\/11\/Fairness-1-scaled.jpeg 2x\" sizes=\"auto, (max-width: 750px) 100vw, 750px\" \/><\/figure>\n\n\n\n<p>Das Verm\u00e4chtnis der Wunderstute <strong>Fairness III<\/strong>.<\/p>\n\n\n\n<p>Elf gek\u00f6rte Hengste und \u00fcber ein Dutzend internationale sowie zahlreiche nationale Sportpferde machen die Erfolgsgeschichte dieses hannoverschen Stutenstammes der international erfolgreichen Rappstute Fairness aus, die mit Hartwig Steenken in den 60er Jahren den Ruf einer \u201eWunderstute\u201c erwarb und die vor allem viel Herz, Vorsicht und schnelle Reflexe zu ihren Markenzeichen werden lie\u00df.<\/p>\n\n\n\n<p>Angepaart wurde Fairness III mit Wolfsburg, einem hannoverschen Rapphengst, dem anl\u00e4sslich der Hengstleistungspr\u00fcfung ins Protokoll geschrieben wurde: \u201eSpringanlage au\u00dfergew\u00f6hnlich!\u201c<\/p>\n\n\n\n<p>Ihm folgte in der Anpaarung der darauffolgenden Generation der springgewaltige Winnetou v. Ferdinand aus einer Goldfisch Stute.<\/p>\n\n\n\n<p>Die daraus entstandene Wencke ging 1978 nach dem t\u00f6dlichen Verkehrsunfall von Hartwig Steenken nach Zangersheide zu Leon Melchior und wurde dort zur gro\u00dfen Verbreiterin des Fairness-Stammes. Drei internationale Sportpferde und ein gek\u00f6rter Hengst z\u00e4hlen zu ihrer Nachzucht. Ihr erster Partner auf Zangersheide war der Holsteiner Jahrhunderthengst Ramiro, von dem sie 1982 Rinnetou Z, 1983 Rival Z, 1984 Rhodos Z und 1985 Rhea Z fohlte.<\/p>\n\n\n\n<p>Rinnetou Z war nach Ratina Z die erfolgreichste Ramiro-Tochter in Zangersheide. Ausgebildet von Willy van der Ham, sa\u00df ab 1991 Piet Raymakers im Sattel und gewann in den n\u00e4chsten Jahren die Weltcup-Qualifikationen in Helsinki, Amsterdam und s\u2019Hertogenbosch sowie den Gro\u00dfen Preis von Antwerpen, war Nationenpreissiegerin in Falsterbo und Drammen. Rinnetou Z gewann 550.000 niederl\u00e4ndische Gulden und stand etliche Male in den Top Ten der FEI Weltrangliste.<\/p>\n\n\n\n<p>1996 ging sie in Zangersheide wieder in die Zucht. Vierj\u00e4hrig hatte sie bereits ein Stutfohlen von Alm\u00e9 Z zur Welt gebracht, das unter dem Namen April Love ZH (Mutter von Dennis Lynchs All Star 5 v. Argentinus) einen eigenen und sehr weit verbreiteten Zweig dieser Linie im Mutterland Hannover gr\u00fcndete.<\/p>\n\n\n\n<p>Rinnetou brachte Nachzucht von Artos Z (u.a. Annatou, Mutter von Oak Grove&#8217;s Heatthrob und Hilda von der Mittelerde), Air Jordan, Calvaro Z, Cantango und Caretano. Ihr 2000 geborener Fuchs-Sohn Chardonnay (v. Caretano) wurde gek\u00f6rt und stand in Zangersheide im Deckeinsatz, ehe er 2007 nach Amerika verkauft wurde, wo er mit der Peruanerin Michelle Navarro-Grau erfolgreich S-Springen ging.<\/p>\n\n\n\n<p>Rinnetou selbst bekam in Zangersheide ihr Gnadenbrot.<\/p>\n\n\n\n<p>Ihre Vollgeschwister haben ebenfalls Karriere gemacht. Ihr ein Jahr j\u00fcngerer Vollbruder Rival Z wurde in Belgien und Zangersheide z\u00fcchterisch genutzt und setzte ab 1996 seine Zucht- und Sportlaufbahn in Brasilien fort. Der zwei Jahre j\u00fcngere Rhodos Z war einer der wenigen F\u00fcchse von Ramiro und ging unter Peter Geerink international; gewann u. a. den Gro\u00dfen Preis von Darmstadt. Rhea Z war die j\u00fcngste der Ramiro-Vollgeschwister. Sie brachte in Zangersheide das Erfolgspferd Absolom Z (v. Aladin Z), der unter Michael Whitaker f\u00fcr Furore sorgte.<\/p>\n\n\n\n<p>Rinnetous Mutter Wencke Z wurde 1985 tragend von Cor de la Bry\u00e8re in die Niederlande verkauft, wo 1986 das internationale Erfolgspferd Cornelis Z geboren wurde, der mit Franke Sloothaak, Stefan Rattin und sp\u00e4ter mit dem Finnen Thomas Ehrenroth in Weltcupspringen, Nationenpreisen und Gro\u00dfen Preisen tolle Erfolge feierte.<\/p>\n\n\n\n<p>1987 wurde die Winnetou-Tochter Wencke letztmalig Mutter. Das Hengstfohlen von Zeus stieg sp\u00e4ter unter dem Namen Zalza Z mit Nick Skelton in die Weltspitze auf und holte Erfolge u. a. in Toronto, Monaco, Leeuwarden, Dortmund, Rotterdam und Modena.<\/p>\n\n\n\n<p>\u201eDie Stutenfamilie der Fairness liefert ein Paradebeispiel f\u00fcr die positive Entwicklung eines Stutenstammes, quasi von null auf hundert\u201c (Zitat: Claus Schridde, Z\u00fcchterforum).<\/p>\n\n\n\n<p><strong>Unsere Pferde aus diesem Stamm:<\/strong><br><a href=\"https:\/\/zv-mittelerde.com\/de\/pferde\/hilda-von-der-mittelerde\/\">Hilda von der Mittelerde<\/a>&nbsp;\u2013 aktuell in der Zucht<\/p>\n","protected":false},"excerpt":{"rendered":"<p>Das Verm\u00e4chtnis der Wunderstute Fairness III. Elf gek\u00f6rte Hengste und \u00fcber ein Dutzend internationale sowie zahlreiche nationale Sportpferde machen die Erfolgsgeschichte dieses hannoverschen Stutenstammes der international erfolgreichen Rappstute Fairness aus, die mit Hartwig Steenken in den 60er Jahren den Ruf einer \u201eWunderstute\u201c erwarb und die vor allem viel Herz, Vorsicht [&hellip;]<\/p>\n","protected":false},"author":7,"featured_media":3152,"parent":0,"menu_order":0,"comment_status":"closed","ping_status":"closed","template":"","meta":{"advgb_blocks_editor_width":"","advgb_blocks_columns_visual_guide":"","_themeisle_gutenberg_block_has_review":false,"footnotes":""},"class_list":["post-3024","page","type-page","status-publish","has-post-thumbnail","hentry"],"coauthors":[],"author_meta":{"author_link":"https:\/\/zv-mittelerde.com\/de\/author\/gja\/","display_name":"Gebhard Jansen"},"relative_dates":{"created":"Posted 4\u00a0Jahren ago","modified":"Updated 5\u00a0Monaten ago"},"absolute_dates":{"created":"Posted on 27. M\u00e4rz 2022","modified":"Updated on 23. Oktober 2025"},"absolute_dates_time":{"created":"Posted on 27. M\u00e4rz 2022 17:44","modified":"Updated on 23. Oktober 2025 11:58"},"featured_img_caption":"","featured_img":"https:\/\/ml4lkx9mggju.i.optimole.com\/w:auto\/h:auto\/q:mauto\/g:sm\/f:best\/ig:avif\/https:\/\/zv-mittelerde.com\/wp-content\/uploads\/2022\/11\/Fairness-III.jpeg","series_order":"","_links":{"self":[{"href":"https:\/\/zv-mittelerde.com\/de\/wp-json\/wp\/v2\/pages\/3024","targetHints":{"allow":["GET"]}}],"collection":[{"href":"https:\/\/zv-mittelerde.com\/de\/wp-json\/wp\/v2\/pages"}],"about":[{"href":"https:\/\/zv-mittelerde.com\/de\/wp-json\/wp\/v2\/types\/page"}],"author":[{"embeddable":true,"href":"https:\/\/zv-mittelerde.com\/de\/wp-json\/wp\/v2\/users\/7"}],"replies":[{"embeddable":true,"href":"https:\/\/zv-mittelerde.com\/de\/wp-json\/wp\/v2\/comments?post=3024"}],"version-history":[{"count":10,"href":"https:\/\/zv-mittelerde.com\/de\/wp-json\/wp\/v2\/pages\/3024\/revisions"}],"predecessor-version":[{"id":4394,"href":"https:\/\/zv-mittelerde.com\/de\/wp-json\/wp\/v2\/pages\/3024\/revisions\/4394"}],"wp:featuredmedia":[{"embeddable":true,"href":"https:\/\/zv-mittelerde.com\/de\/wp-json\/wp\/v2\/media\/3152"}],"wp:attachment":[{"href":"https:\/\/zv-mittelerde.com\/de\/wp-json\/wp\/v2\/media?parent=3024"}],"curies":[{"name":"wp","href":"https:\/\/api.w.org\/{rel}","templated":true}]}}