{"id":129,"date":"2019-03-12T07:40:20","date_gmt":"2019-03-12T06:40:20","guid":{"rendered":"https:\/\/zv-mittelerde.com\/?page_id=129"},"modified":"2025-01-02T21:45:28","modified_gmt":"2025-01-02T20:45:28","slug":"die-zuechter","status":"publish","type":"page","link":"https:\/\/zv-mittelerde.com\/en\/die-zuechter\/","title":{"rendered":"The breeders"},"content":{"rendered":"<h2 class=\"wp-block-heading\" id=\"helmut-ewenz\">Helmut Ewenz\t<\/h2>\n\n\n\n<figure class=\"wp-block-image size-large\"><img data-opt-id=1782031902  fetchpriority=\"high\" loading=\"eager\" decoding=\"async\" width=\"1024\" height=\"724\" src=\"https:\/\/ml4lkx9mggju.i.optimole.com\/w:1024\/h:724\/q:mauto\/g:sm\/f:best\/ig:avif\/https:\/\/zv-mittelerde.com\/wp-content\/uploads\/2020\/02\/IMG_7597-1.jpeg\" alt=\"\" class=\"wp-image-1497\" srcset=\"https:\/\/ml4lkx9mggju.i.optimole.com\/w:1024\/h:724\/q:mauto\/g:sm\/f:best\/ig:avif\/https:\/\/zv-mittelerde.com\/wp-content\/uploads\/2020\/02\/IMG_7597-1.jpeg 1024w, https:\/\/ml4lkx9mggju.i.optimole.com\/w:300\/h:212\/q:mauto\/g:sm\/f:best\/ig:avif\/https:\/\/zv-mittelerde.com\/wp-content\/uploads\/2020\/02\/IMG_7597-1.jpeg 300w, https:\/\/ml4lkx9mggju.i.optimole.com\/w:768\/h:543\/q:mauto\/g:sm\/f:best\/ig:avif\/https:\/\/zv-mittelerde.com\/wp-content\/uploads\/2020\/02\/IMG_7597-1.jpeg 768w, https:\/\/ml4lkx9mggju.i.optimole.com\/w:1365\/h:965\/q:mauto\/g:sm\/f:best\/ig:avif\/https:\/\/zv-mittelerde.com\/wp-content\/uploads\/2020\/02\/IMG_7597-1.jpeg 1365w, https:\/\/ml4lkx9mggju.i.optimole.com\/w:1365\/h:965\/q:mauto\/g:sm\/f:best\/ig:avif\/dpr:2\/https:\/\/zv-mittelerde.com\/wp-content\/uploads\/2020\/02\/IMG_7597-1.jpeg 2x\" sizes=\"auto, (max-width: 750px) 100vw, 750px\" \/><\/figure>\n\n\n\n<p>Helmut Ewenz, born in 1960 in Wei\u00dfenthurm, took over the <a href=\"http:\/\/www.birkenhof.com\">Gut Birkenhof Equestrian Center<\/a>&nbsp;in Bonefeld in 1978 and runs it together with wife Ursula and daughter Denise.<\/p>\n\n\n\n<p>Helmut Ewenz has an eye for horses! He has proven this several times! For example, with the purchase of the pony stallion High Noon, who became the Bundeschampion of Show Jumping Ponies in Warendorf at the age of five and six under his guidance. He also demonstrated his expertise with C-Back to Germany, a KWPN stallion by Eurocommerce Berlin (Caspar x Libero H x Exkurs XX), which he successfully presented at the stallion licensing of the Zweibr\u00fccker Verband.<\/p>\n\n\n\n<p>When Helmut had the opportunity to bring <a href=\"https:\/\/zv-mittelerde.com\/en\/pferde\/s-capitola\/\">S-Capitola (by Cardino x Capitol I)<\/a> into his stable as a breeding mare, the decision was clear \u2013 he wanted to breed successful sport horses himself. This included Capitola, the mother of Con Quidam (by Quinar), who would go on to develop into a world-class star under Sanne Thijssen (NL) in the following years.\n\nHelmut\u2019s first homebred foal from Capitola, the stallion Ustinov von der Mittelerde (by Uriko), born in 2016, was licensed at the Oldenburg Horse Breeders\u2019 Association in Vechta in November 2019. The licensing took place in front of more than 5000 breeders and enthusiasts of horse breeding, receiving a standing ovation. Now, at the age of eight, Ustinov is already successful at the S level (1.45m).<\/p>\n\n\n\n<p>Helmut is also active in the breeding of dressage horses. With the broodmare Romina HM and State Premium Mare Loretta, he has already bred outstanding dressage foals, almost all of which have been awarded prizes and are now preparing for top-level competition.<\/p>\n\n\n\n<p>Furthermore, Helmut has always had an eye for outstanding dam lines. This is why the purchase of Olivia van\u2019t Breezerhof, and thus an investment in the famous Oldenburg Rudilore family, was an easy decision for him. \u201cOwning such a broodmare line is truly something extraordinary,\u201d said Helmut Ewenz after making the purchase. And he\u2019s right, because Olivia\u2019s grandmother is a sister to the legendary sires Rubin Royal OLD, Blue Hors Romanov, and Blue Hors Rockefeller.<\/p>\n\n\n\n<p>Here is the entire breeding collection from Helmut that will be available in the coming years:<\/p>\n\n\n\n<ul class=\"wp-block-list\">\n<li><a href=\"https:\/\/zv-mittelerde.com\/en\/pferde\/romina\/\">Romina HM<\/a> (Riccio NRW x New Castle x Fabelhaft), *2005<\/li>\n\n\n\n<li>St.Pr.St. Loretta (Lord Loxley x Ricardos x Ferragamo), &#8211; <a href=\"https:\/\/zv-mittelerde.com\/en\/st-pr-st-finesse\/\">Stamm der Finesse<\/a><\/li>\n\n\n\n<li><a href=\"https:\/\/zv-mittelerde.com\/en\/pferde\/olivia-vant-breezerhof\/\">Olivia van&#8217;t Breezerhof<\/a>&nbsp;(Painted Black x Okeanos x Davignon I), *2019 &#8211; <a href=\"https:\/\/zv-mittelerde.com\/en\/elite-st-rumirell\/\">Stamm der Rudilore<\/a><\/li>\n\n\n\n<li><a href=\"https:\/\/zv-mittelerde.com\/en\/pferde\/kayley-dv\/\">Kayley DV<\/a> (Ustinov x Kannan x Darco), *2010 &#8211; <a href=\"https:\/\/zv-mittelerde.com\/en\/anouska-van-de-fruitkorf\/\">Stamm der Anouska van de Fruitkorf<\/a><\/li>\n\n\n\n<li><a href=\"https:\/\/zv-mittelerde.com\/en\/pferde\/my-fantasy-me\/\">My Fantasy ME<\/a> (Mylord Carthago x Nekton x Clearway), *2018 &#8211; <a href=\"https:\/\/zv-mittelerde.com\/en\/fatima-me-holsteiner-stamm-741\/\">Holsteiner Stamm 741<\/a><\/li>\n\n\n\n<li><a href=\"https:\/\/zv-mittelerde.com\/en\/pferde\/dial-my-number-me\/\">Dial my Number ME<\/a> (Diamant de Semilly x Cardino x Capitol I), *2018 &#8211; <a href=\"https:\/\/zv-mittelerde.com\/en\/elite-vi-holsteiner-stamm-1446\/\">Holst. St. 1446, Elite VI<\/a><\/li>\n\n\n\n<li><a href=\"https:\/\/zv-mittelerde.com\/en\/pferde\/kashmina-me\/\">Kashmina ME <\/a>(Kashmir van&#8217;t Schuttershof x Cardino x CapitolI), *2018 &#8211; <a href=\"https:\/\/zv-mittelerde.com\/en\/elite-vi-holsteiner-stamm-1446\/\">Holst. St. 1446, Elite VI<\/a><\/li>\n\n\n\n<li><a href=\"https:\/\/zv-mittelerde.com\/en\/pferde\/only-you-me\/\">Only You ME<\/a> (Cardento x Big Shuffle XX x Acatenango XX), *2019<\/li>\n\n\n\n<li><a href=\"https:\/\/zv-mittelerde.com\/en\/pferde\/umbar-von-der-mittelerde\/\">Umbar von der Mittelerde<\/a> (Ustinov vd Mittelerde x Untouchable), *2021 <a href=\"https:\/\/zv-mittelerde.com\/en\/narcotique-de-muze-ii-qerly-chin\/\">(Qerly Chin)<\/a><\/li>\n\n\n\n<li><a href=\"https:\/\/zv-mittelerde.com\/en\/pferde\/ubelle-von-der-mittelerde\/\">Ubelle von der Mittelerde<\/a> (Ustinov vd Mittelerde x Quick Star x Diamant de Semilly), *2019 &#8211; <a href=\"https:\/\/zv-mittelerde.com\/en\/la-belle-van-sombeke\/\">Stamm der La Belle van Sombeke<\/a><\/li>\n<\/ul>\n\n\n\n<h2 class=\"wp-block-heading\" id=\"gebhard-jansen\">Gebhard Jansen<\/h2>\n\n\n\n<figure class=\"wp-block-image size-large\"><img data-opt-id=1811606872  fetchpriority=\"high\" loading=\"eager\" decoding=\"async\" width=\"1024\" height=\"683\" src=\"https:\/\/ml4lkx9mggju.i.optimole.com\/w:1024\/h:683\/q:mauto\/g:sm\/f:best\/ig:avif\/https:\/\/zv-mittelerde.com\/wp-content\/uploads\/2019\/06\/Zchterfoto.jpg\" alt=\"\" class=\"wp-image-275\" srcset=\"https:\/\/ml4lkx9mggju.i.optimole.com\/w:1024\/h:683\/q:mauto\/g:sm\/f:best\/ig:avif\/https:\/\/zv-mittelerde.com\/wp-content\/uploads\/2019\/06\/Zchterfoto.jpg 1024w, https:\/\/ml4lkx9mggju.i.optimole.com\/w:300\/h:200\/q:mauto\/g:sm\/f:best\/ig:avif\/https:\/\/zv-mittelerde.com\/wp-content\/uploads\/2019\/06\/Zchterfoto.jpg 300w, https:\/\/ml4lkx9mggju.i.optimole.com\/w:768\/h:512\/q:mauto\/g:sm\/f:best\/ig:avif\/https:\/\/zv-mittelerde.com\/wp-content\/uploads\/2019\/06\/Zchterfoto.jpg 768w, https:\/\/ml4lkx9mggju.i.optimole.com\/w:360\/h:240\/q:mauto\/g:sm\/f:best\/ig:avif\/https:\/\/zv-mittelerde.com\/wp-content\/uploads\/2019\/06\/Zchterfoto.jpg 360w, https:\/\/ml4lkx9mggju.i.optimole.com\/w:1024\/h:683\/q:mauto\/g:sm\/f:best\/ig:avif\/dpr:2\/https:\/\/zv-mittelerde.com\/wp-content\/uploads\/2019\/06\/Zchterfoto.jpg 2x\" sizes=\"auto, (max-width: 750px) 100vw, 750px\" \/><\/figure>\n\n\n\n<p>Gebhard Jansen, born 1960, was introduced to breeding through his family and has since then delved into the vision of breeding top sport horses himself.<\/p>\n\n\n\n<p>It all started with <a href=\"http:\/\/www.birkenhof.com\">La Rouge<\/a>a Hanoverian jumping mare by Lanthan x Arsenik, which was successful with daughter Linda to M **. According to his vision, he only used successful stallions which had achieved top sporting results. So he bred four offspring with La Rouge; a gelding by For Pleasure and Chacco-Blue and two mares by Goldfever.<\/p>\n\n\n\n<p>The two geldings have had a successful career in show jumping. They are or were successful in national S**-level competitions (1.45m).<\/p>\n\n\n\n<p>Among the mares, it was Golden Sunshine (*2011) who was awarded the title OS H.Pr.St. (Oldenburg Hauptpr\u00e4mien Stute) in 2017 with her colt Conbrio von der Mittelerde (by Comme il Faut) before changing owners.<\/p>\n\n\n\n<p>The second Goldfever mare, Golden Moonlight (*2012), was never active in sports due to an injury as a foal. However, in 2024, she was awarded the OS Elite Mare status due to the sporting achievements of her offspring. With Big Moon Rising von der Mittelerde, by Olympic champion Big Star, she not only produced her first top-level athlete but also was a very successful breeding mare. Currently, Big Moon Rising competes in S**-level competitions (1.45m). Her first two foals were both awarded the Elite Foal title. Big Moon Rising herself was also honored with the OS Elite Mare designation.<\/p>\n\n\n\n<p>However, since the breeders' association has a very special focus on the best mother lines, the further step was only logical - in 2017 Lizzy alias <strong>Ulysse de la Pomme,<\/strong> bred by Geert Baertsoen from France, comes from one of the best and most successful dam lines in the world. In 2020, Lizzy produced a foal by one of the most successful show jumper, Tobago Z, who, under Daniel Deusser, has earned over \u20ac3.0 million in prize money since 2015. In 2021, three more foals followed \u2013 by Kannan, George Z, and Ustinov von der Mittelerde \u2013 with embryo transfer making it possible.<\/p>\n\n\n\n<p>Here is Gebhard's breeding collection:<\/p>\n\n\n\n<ul class=\"wp-block-list\">\n<li><a href=\"https:\/\/zv-mittelerde.com\/en\/pferde\/golden-moonlight-me\/\">Golden Moonlight<\/a>&nbsp;(Goldfever x Lanthan x Arsenik), *2012 &#8211; <a href=\"https:\/\/zv-mittelerde.com\/en\/la-rouge-zuchtname-lady-l\/\">La Rouge Linie<\/a><\/li>\n\n\n\n<li><a href=\"https:\/\/zv-mittelerde.com\/en\/pferde\/ulysse-de-la-pomme-z\/\">Ulysse de la Pomme,<\/a> (Untouchable x Vigo D&#8217;Arsouilles x For Pleasure), *2017 &#8211; <a href=\"https:\/\/zv-mittelerde.com\/en\/narcotique-de-muze-ii-qerly-chin\/\">Qerly Chin Mutterstamm<\/a><\/li>\n\n\n\n<li><a href=\"https:\/\/zv-mittelerde.com\/en\/pferde\/heather-me\/\">Heather ME<\/a> (Heartbreaker x Cardino x Capitol I), *2019 &#8211; <a href=\"https:\/\/zv-mittelerde.com\/en\/elite-vi-holsteiner-stamm-1446\/\">Holst. St. 1446, Elite VI<\/a><\/li>\n\n\n\n<li><a href=\"https:\/\/zv-mittelerde.com\/en\/pferde\/jolly-girl-ii-kervec\/\">Jolly Girl II de Kervec<\/a> (Conte Bellini x Darco x Jalisco B), *2019 &#8211; <a href=\"https:\/\/zv-mittelerde.com\/en\/fragance-de-chalus\/\">Mutterstamm Fragance de Chalus<\/a><\/li>\n\n\n\n<li><a href=\"https:\/\/zv-mittelerde.com\/en\/pferde\/call-me-usha-z\/\">Call me Usha Z<\/a> (Cornet Obolensky x Kannan x Chin Chin), *2020 &#8211; <a href=\"https:\/\/zv-mittelerde.com\/en\/usha-vant-roosakker\/\">Stamm der Usha van&#8217;t Roosakker<\/a><\/li>\n\n\n\n<li><a href=\"https:\/\/zv-mittelerde.com\/en\/pferde\/hilda-von-der-mittelerde\/\">Hilda von der Mittelerde<\/a> (Heartbreaker x Artos Z x Ramiro Z), *2022 &#8211; <a href=\"https:\/\/zv-mittelerde.com\/en\/fairness-iii\/\">Stamm der Fairness III<\/a><\/li>\n<\/ul>\n\n\n\n<h2 class=\"wp-block-heading\" id=\"die-zuchtervereinigung-oder-der-stall-mittelerde\">From breeding to the Stable of Mittelerde !<\/h2>\n\n\n\n<figure class=\"wp-block-image size-large\"><img data-opt-id=571120634  fetchpriority=\"high\" loading=\"eager\" decoding=\"async\" width=\"1024\" height=\"683\" src=\"https:\/\/ml4lkx9mggju.i.optimole.com\/w:1024\/h:683\/q:mauto\/g:sm\/f:best\/ig:avif\/https:\/\/zv-mittelerde.com\/wp-content\/uploads\/2020\/01\/Jansen_Ewenz-08-14-13-1605-1579682517360.jpeg\" alt=\"\" class=\"wp-image-1419\" srcset=\"https:\/\/ml4lkx9mggju.i.optimole.com\/w:1024\/h:683\/q:mauto\/g:sm\/f:best\/ig:avif\/https:\/\/zv-mittelerde.com\/wp-content\/uploads\/2020\/01\/Jansen_Ewenz-08-14-13-1605-1579682517360.jpeg 1024w, https:\/\/ml4lkx9mggju.i.optimole.com\/w:300\/h:200\/q:mauto\/g:sm\/f:best\/ig:avif\/https:\/\/zv-mittelerde.com\/wp-content\/uploads\/2020\/01\/Jansen_Ewenz-08-14-13-1605-1579682517360.jpeg 300w, https:\/\/ml4lkx9mggju.i.optimole.com\/w:768\/h:512\/q:mauto\/g:sm\/f:best\/ig:avif\/https:\/\/zv-mittelerde.com\/wp-content\/uploads\/2020\/01\/Jansen_Ewenz-08-14-13-1605-1579682517360.jpeg 768w, https:\/\/ml4lkx9mggju.i.optimole.com\/w:1536\/h:1024\/q:mauto\/g:sm\/f:best\/ig:avif\/https:\/\/zv-mittelerde.com\/wp-content\/uploads\/2020\/01\/Jansen_Ewenz-08-14-13-1605-1579682517360.jpeg 1536w, https:\/\/ml4lkx9mggju.i.optimole.com\/w:1619\/h:1080\/q:mauto\/g:sm\/f:best\/ig:avif\/https:\/\/zv-mittelerde.com\/wp-content\/uploads\/2020\/01\/Jansen_Ewenz-08-14-13-1605-1579682517360.jpeg 2048w, https:\/\/ml4lkx9mggju.i.optimole.com\/w:360\/h:240\/q:mauto\/g:sm\/f:best\/ig:avif\/https:\/\/zv-mittelerde.com\/wp-content\/uploads\/2020\/01\/Jansen_Ewenz-08-14-13-1605-1579682517360.jpeg 360w, https:\/\/ml4lkx9mggju.i.optimole.com\/w:1619\/h:1080\/q:mauto\/g:sm\/f:best\/ig:avif\/dpr:2\/https:\/\/zv-mittelerde.com\/wp-content\/uploads\/2020\/01\/Jansen_Ewenz-08-14-13-1605-1579682517360.jpeg 2x\" sizes=\"auto, (max-width: 750px) 100vw, 750px\" \/><\/figure>\n\n\n\n<p>We started the breeders' association with the construction of our Middle Earth stable in 2014. Breeding alone is boring, we said, and so Helmut and Gebhard, together with their families, started building stables and also thinking about different breeding ideas.<\/p>\n\n\n\n<p>It all started with Fatima ME. We first saw her as a foal on one of our extensive breeder tours and selected her for ourselves. With Fatima ME, from Holstein Stamm 741, we acquired one of the best mare lines in Holstein. By the age of five, Fatima was already competing at the World Championships for Young Show Jumping Horses in Lanaken. In parallel with her training, we bred three foals through embryo transfer: two colts by Olympic champion Big Star and a filly by Mylord Carthago \u2013 My Fantasy von der Mittelerde.<\/p>\n\n\n\n<p>Our joint activities really began with Capitola \u2013 the mother of Helmut\u2019s first homebred and licensed stallion, Ustinov von der Mittelerde (see above), who comes from one of the best mare lines in the world. We didn\u2019t want to let her go so quickly, so after two successful years, we decided to invest together in this mare and assist nature a bit \u2013 with embryo transfer and ICSI. It was a labor-intensive process, but the success proved that we were on the right path.<\/p>\n\n\n\n<p>Overall, we did two \"normal\" embryo transfers with Capitola and in 2018 bred the stallion Verdino ME (by Verdi N.O.P.) and the mare Dial My Number ME (by Diamant de Semilly). We were also extremely successful with ICSI (<strong>I<\/strong>ntra<strong>C<\/strong>ytoplasmic <strong>S<\/strong>perm<strong>I<\/strong>njection). In 2018, Kashmina ME (by Kashmir van't Schuttershof), three Heartbreakers, two stallions (Have a Break ME and Heathrow ME Z) and one mare (Heather ME) were born using this special method of insemination. <\/p>\n\n\n\n<figure class=\"wp-block-image size-large\"><img data-opt-id=1125445531  loading=\"lazy\" decoding=\"async\" width=\"1024\" height=\"852\" src=\"https:\/\/ml4lkx9mggju.i.optimole.com\/w:1024\/h:852\/q:mauto\/g:sm\/f:best\/ig:avif\/https:\/\/zv-mittelerde.com\/wp-content\/uploads\/2020\/03\/DD38D18F-3C44-4B52-B7B6-BFB5E0DD5F0D_1_201_a.jpeg\" alt=\"\" class=\"wp-image-1552\" srcset=\"https:\/\/ml4lkx9mggju.i.optimole.com\/w:1024\/h:852\/q:mauto\/g:sm\/f:best\/ig:avif\/https:\/\/zv-mittelerde.com\/wp-content\/uploads\/2020\/03\/DD38D18F-3C44-4B52-B7B6-BFB5E0DD5F0D_1_201_a.jpeg 1024w, https:\/\/ml4lkx9mggju.i.optimole.com\/w:300\/h:250\/q:mauto\/g:sm\/f:best\/ig:avif\/https:\/\/zv-mittelerde.com\/wp-content\/uploads\/2020\/03\/DD38D18F-3C44-4B52-B7B6-BFB5E0DD5F0D_1_201_a.jpeg 300w, https:\/\/ml4lkx9mggju.i.optimole.com\/w:768\/h:639\/q:mauto\/g:sm\/f:best\/ig:avif\/https:\/\/zv-mittelerde.com\/wp-content\/uploads\/2020\/03\/DD38D18F-3C44-4B52-B7B6-BFB5E0DD5F0D_1_201_a.jpeg 768w, https:\/\/ml4lkx9mggju.i.optimole.com\/w:1088\/h:905\/q:mauto\/g:sm\/f:best\/ig:avif\/https:\/\/zv-mittelerde.com\/wp-content\/uploads\/2020\/03\/DD38D18F-3C44-4B52-B7B6-BFB5E0DD5F0D_1_201_a.jpeg 1088w, https:\/\/ml4lkx9mggju.i.optimole.com\/w:1088\/h:905\/q:mauto\/g:sm\/f:best\/ig:avif\/dpr:2\/https:\/\/zv-mittelerde.com\/wp-content\/uploads\/2020\/03\/DD38D18F-3C44-4B52-B7B6-BFB5E0DD5F0D_1_201_a.jpeg 2x\" sizes=\"auto, (max-width: 750px) 100vw, 750px\" \/><figcaption class=\"wp-element-caption\">Three Heartbreaker foals from one mother in only one year - that is probably unique in the world !<br>(f.l.t.r. Have a Break ME, Heathrow ME Z, Heather ME)<\/figcaption><\/figure>\n\n\n\n<p>Capitola, who was successful in sport up to 1.40m (S* level) and has proven her breeding power through numerous highly successful offspring, was posthumously awarded the OS Elite Mare title.<\/p>\n\n\n\n<p>But that\u2019s not all. 2019 was the year of major decisions, and together we invested in two more mare lines that are at the very top of the list of the world\u2019s best show jumping bloodlines. First, Jolly Girl II de Kervec, a filly from the Fragance de Chalus line. This line has produced countless sport horses that have gone on to compete at the highest levels, including Olympics and World Championships. Among them are the top stallions Bamako de Muze and Mylord Carthago. The second addition was Jingle Star Kervec. Jingle Star\u2019s grandmother is the sister of Tabelle van Sombeke, the mother of Olympic champion Glock\u2019s London (by Carembar de Muze).\n\nWith these two new additions to Mittelerde, we hope to significantly enhance the quality of our offspring and soon provide top sport horses for German equestrian sports.<\/p>\n\n\n\n<p>The horses of Mittelerde are perfectly accommodated in the Mittelerde Stable at Gut Birkenhof run by Helmut Ewenz. \"Perfectly Accommodated\" can be taken literally - in summer 2015, the Mittelerde Stable was awarded the title \"Best Stable in Germany\" by a jury of the FN (German Equestrian Federation in Warendorf) in a nationwide competition.<\/p>","protected":false},"excerpt":{"rendered":"<p>Helmut Ewenz Helmut Ewenz, geboren 1960 in Wei\u00dfenthurm, \u00fcbernahm 1978 das Reitsportzentrum Gut&nbsp;Birkenhof&nbsp;in Bonefeld und betreibt dieses zusammen mit Frau Ursula und Tochter Denise. Helmut Ewenz hat ein Auge f\u00fcr Pferde! Das bewies er bereits mehrfach! So z.B. mit dem Kauf von Ponyhengst High Noon, der unter seiner F\u00fchrung f\u00fcnf- [&hellip;]<\/p>\n","protected":false},"author":1,"featured_media":0,"parent":0,"menu_order":6,"comment_status":"closed","ping_status":"closed","template":"","meta":{"advgb_blocks_editor_width":"","advgb_blocks_columns_visual_guide":"","_themeisle_gutenberg_block_has_review":false,"footnotes":""},"class_list":["post-129","page","type-page","status-publish","hentry"],"coauthors":[],"author_meta":{"author_link":"https:\/\/zv-mittelerde.com\/en\/author\/3043413\/","display_name":"3043413"},"relative_dates":{"created":"Posted 7 years ago","modified":"Updated 1 year ago"},"absolute_dates":{"created":"Posted on 12. March 2019","modified":"Updated on 2. January 2025"},"absolute_dates_time":{"created":"Posted on 12. March 2019 7:40","modified":"Updated on 2. January 2025 21:45"},"featured_img_caption":"","featured_img":false,"series_order":"","_links":{"self":[{"href":"https:\/\/zv-mittelerde.com\/en\/wp-json\/wp\/v2\/pages\/129","targetHints":{"allow":["GET"]}}],"collection":[{"href":"https:\/\/zv-mittelerde.com\/en\/wp-json\/wp\/v2\/pages"}],"about":[{"href":"https:\/\/zv-mittelerde.com\/en\/wp-json\/wp\/v2\/types\/page"}],"author":[{"embeddable":true,"href":"https:\/\/zv-mittelerde.com\/en\/wp-json\/wp\/v2\/users\/1"}],"replies":[{"embeddable":true,"href":"https:\/\/zv-mittelerde.com\/en\/wp-json\/wp\/v2\/comments?post=129"}],"version-history":[{"count":19,"href":"https:\/\/zv-mittelerde.com\/en\/wp-json\/wp\/v2\/pages\/129\/revisions"}],"predecessor-version":[{"id":4123,"href":"https:\/\/zv-mittelerde.com\/en\/wp-json\/wp\/v2\/pages\/129\/revisions\/4123"}],"wp:attachment":[{"href":"https:\/\/zv-mittelerde.com\/en\/wp-json\/wp\/v2\/media?parent=129"}],"curies":[{"name":"wp","href":"https:\/\/api.w.org\/{rel}","templated":true}]}}