{"id":2526,"date":"2021-05-02T18:29:17","date_gmt":"2021-05-02T16:29:17","guid":{"rendered":"https:\/\/zv-mittelerde.com\/?page_id=2526"},"modified":"2024-07-01T21:20:13","modified_gmt":"2024-07-01T19:20:13","slug":"la-rouge-zuchtname-lady-l","status":"publish","type":"page","link":"https:\/\/zv-mittelerde.com\/en\/la-rouge-zuchtname-lady-l\/","title":{"rendered":"Lady L &#8211; Hann. Stamm 293"},"content":{"rendered":"<figure class=\"wp-block-image size-large\"><img data-opt-id=1861143199  fetchpriority=\"high\" loading=\"eager\" decoding=\"async\" width=\"1024\" height=\"724\" src=\"https:\/\/ml4lkx9mggju.i.optimole.com\/w:1024\/h:724\/q:mauto\/g:sm\/f:best\/ig:avif\/https:\/\/zv-mittelerde.com\/wp-content\/uploads\/2024\/07\/Folie6.png\" alt=\"\" class=\"wp-image-4026\" srcset=\"https:\/\/ml4lkx9mggju.i.optimole.com\/w:1024\/h:724\/q:mauto\/g:sm\/f:best\/ig:avif\/https:\/\/zv-mittelerde.com\/wp-content\/uploads\/2024\/07\/Folie6.png 1024w, https:\/\/ml4lkx9mggju.i.optimole.com\/w:300\/h:212\/q:mauto\/g:sm\/f:best\/ig:avif\/https:\/\/zv-mittelerde.com\/wp-content\/uploads\/2024\/07\/Folie6.png 300w, https:\/\/ml4lkx9mggju.i.optimole.com\/w:768\/h:543\/q:mauto\/g:sm\/f:best\/ig:avif\/https:\/\/zv-mittelerde.com\/wp-content\/uploads\/2024\/07\/Folie6.png 768w, https:\/\/ml4lkx9mggju.i.optimole.com\/w:1527\/h:1080\/q:mauto\/g:sm\/f:best\/ig:avif\/https:\/\/zv-mittelerde.com\/wp-content\/uploads\/2024\/07\/Folie6.png 1536w, https:\/\/ml4lkx9mggju.i.optimole.com\/w:1527\/h:1080\/q:mauto\/g:sm\/f:best\/ig:avif\/https:\/\/zv-mittelerde.com\/wp-content\/uploads\/2024\/07\/Folie6.png 2048w, https:\/\/ml4lkx9mggju.i.optimole.com\/w:18\/h:12\/q:mauto\/g:sm\/f:best\/ig:avif\/https:\/\/zv-mittelerde.com\/wp-content\/uploads\/2024\/07\/Folie6.png 18w, https:\/\/ml4lkx9mggju.i.optimole.com\/w:1320\/h:933\/q:mauto\/g:sm\/f:best\/ig:avif\/https:\/\/zv-mittelerde.com\/wp-content\/uploads\/2024\/07\/Folie6.png 1320w, https:\/\/ml4lkx9mggju.i.optimole.com\/w:1527\/h:1080\/q:mauto\/g:sm\/f:best\/ig:avif\/dpr:2\/https:\/\/zv-mittelerde.com\/wp-content\/uploads\/2024\/07\/Folie6.png 2x\" sizes=\"auto, (max-width: 750px) 100vw, 750px\" \/><\/figure>\n\n\n\n<p><strong>La Rouge (official breeding name Lady L<\/strong>,&nbsp;<strong>*1991)<\/strong>&nbsp;war selbst im Sport. Sowohl in der Dressur als auch im Springen hat sie Erfolge bis MA (M**) erzielt. Ihre z\u00fcchterische Kariere begann mit 15 Jahren. Sie bekam vier Fohlen, zwei Hengste (heute Wallache, die beide im Springen bis 1,45m erfolgreich sind) und zwei Vollschwestern von Goldfever I, von denen eine Stute (Golden Sunshine) Oldenburger Hauptpr\u00e4mien Stute wurde, was der anderen Stute (Golden Moonlight) aufgrund einer irreparablen Verletzung durch einen Weideunfall als Fohlen verwehrt blieb.<br>Was diese Linie so besonders macht und auszeichnet sind zum Einen La Rouges Gene der Vaterseite von Lanthan, Lombard, Lugano II, Der L\u00f6we xx, sowie der Mutterseite von Arsenik, der \u00fcber Absatz die robusten Gene des Trakeners Abglanz in sich vereint. Diese Blutkombination zeichnet Verantwortung daf\u00fcr, dass es in dieser robusten Linie bis heute in die vierte Generation keine Krankheiten oder erblich bedingte Schwachstellen gibt oder gegeben hat, was f\u00fcr sich schon einen besonderen Wert darstellt. La Rouge selbst wurde 31 Jahre alt und blieb zu ihrem altersbedingten Tod kerngesund.<br>In der weiteren Zuchtfolge erg\u00e4nzte Goldfever wertvolle Gene der Hannoveraner Vererberlegende Goldfisch II und der Jahrhundert Stute Heureka, die in der dritten Generation mit zweifachem Olympiasieger Big Star um die Leistungsgene des Quick Star, Nimmerdor und Ramiro erg\u00e4nzt wurden. Heraus kam Big Moon Rising ME (*2016), die \u00fcber Embryo Transfer (ET) bereits dreij\u00e4hrig zwei Fohlen bekam \u2013 ein Stutfohlen von Vagabond de la Pomme (aus der weltbekannten Narcotique II de Muze Linie, s.unten) sowie ein Hengstfohlen von George Z (aus der ebenso bekannten Usha van de Roosakker Linie, s. unten). Beide Fohlen wurden bei ihrer Registrierung auf Anhieb mit dem Elitefohlen Pr\u00e4dikat ausgezeichnet. Valerie ME wurde dar\u00fcber hinaus Reservesieger beim Oldenburger Fohlenchampionat 2019 in Homberg. Angekommen in der vierten Generation, wird diese Linie sicherlich im gro\u00dfen Sport wiederzusehen sein.<\/p>\n\n\n\n<p><strong>Our horses from this Dam Line<\/strong><br><a href=\"https:\/\/zv-mittelerde.com\/en\/pferde\/forbes\/\">Forbes<\/a> \u2013 erfolgreich auf <strong>1,45m Niveau<\/strong><br><a href=\"https:\/\/zv-mittelerde.com\/en\/pferde\/cayman\/\">Cayman<\/a> \u2013 erfolgreich bis <strong>1,45m Niveau<\/strong><br><a href=\"https:\/\/zv-mittelerde.com\/en\/pferde\/os-h-pr-st-golden-sunshine-me\/\">OS.H.Pr.St. Golden Sunshine ME<\/a> &#8211; verkauft (1,25m)<br><a href=\"https:\/\/zv-mittelerde.com\/en\/pferde\/golden-moonlight-me\/\">Golden Moonlight ME<\/a> &#8211; Zuchtstute<br><a href=\"https:\/\/zv-mittelerde.com\/en\/pferde\/big-moon-rising-me\/\">Big Moon Rising vd Mittelerde<\/a> &#8211; im Sport (siegreich auf <strong>1,45m Niveau<\/strong>)<br><a href=\"https:\/\/zv-mittelerde.com\/en\/pferde\/conbrio-me\/\">Conbrio von der Mittelerde<\/a> &#8211; verkauft &#8211; im Sport (erfolgreich auf <strong>1,40m Niveau<\/strong>)<br><a href=\"https:\/\/zv-mittelerde.com\/en\/pferde\/carlotta-me\/\">Carlotta ME<\/a> &#8211; verkauft &#8211; im Sport (erfolgreich auf 1,25m Niveau)<br><a href=\"https:\/\/zv-mittelerde.com\/en\/pferde\/valerie-me\/\">Valerie von der Mittelerde<\/a> &#8211; in der Ausbildung<br><a href=\"https:\/\/zv-mittelerde.com\/en\/pferde\/carnil-von-der-mittelerde\/\">Carnil von der Mittelerde<\/a> &#8211; in der Aufzucht (zu verkaufen)<br><a href=\"https:\/\/zv-mittelerde.com\/en\/pferde\/helms-klamm-von-der-mittelerde\/\">HelmsKlamm von der Mittelerde<\/a> - sold <br><a href=\"https:\/\/zv-mittelerde.com\/en\/pferde\/quenya-von-der-mittelerde\/\">Quenya von der Mittelerde<\/a> - sold<br><a href=\"https:\/\/zv-mittelerde.com\/en\/pferde\/elanor-von-der-mittelerde\/\">Elanor von der Mittelerde<\/a> &#8211; zu verkaufen<\/p>","protected":false},"excerpt":{"rendered":"<p>La Rouge (Zuchtname Lady L,&nbsp;*1991)&nbsp;war selbst im Sport. Sowohl in der Dressur als auch im Springen hat sie Erfolge bis MA (M**) erzielt. Ihre z\u00fcchterische Kariere begann mit 15 Jahren. Sie bekam vier Fohlen, zwei Hengste (heute Wallache, die beide im Springen bis 1,45m erfolgreich sind) und zwei Vollschwestern von [&hellip;]<\/p>\n","protected":false},"author":1,"featured_media":3157,"parent":0,"menu_order":0,"comment_status":"closed","ping_status":"closed","template":"","meta":{"advgb_blocks_editor_width":"","advgb_blocks_columns_visual_guide":"","_themeisle_gutenberg_block_has_review":false,"footnotes":""},"class_list":["post-2526","page","type-page","status-publish","has-post-thumbnail","hentry"],"coauthors":[],"author_meta":{"author_link":"https:\/\/zv-mittelerde.com\/en\/author\/3043413\/","display_name":"3043413"},"relative_dates":{"created":"Posted 5 years ago","modified":"Updated 2 years ago"},"absolute_dates":{"created":"Posted on 2. May 2021","modified":"Updated on 1. July 2024"},"absolute_dates_time":{"created":"Posted on 2. May 2021 18:29","modified":"Updated on 1. July 2024 21:20"},"featured_img_caption":"","featured_img":"https:\/\/ml4lkx9mggju.i.optimole.com\/w:auto\/h:auto\/q:mauto\/g:sm\/f:best\/ig:avif\/https:\/\/zv-mittelerde.com\/wp-content\/uploads\/2022\/11\/Lady-L-–-Hann.-Stamm-293.jpeg","series_order":"","_links":{"self":[{"href":"https:\/\/zv-mittelerde.com\/en\/wp-json\/wp\/v2\/pages\/2526","targetHints":{"allow":["GET"]}}],"collection":[{"href":"https:\/\/zv-mittelerde.com\/en\/wp-json\/wp\/v2\/pages"}],"about":[{"href":"https:\/\/zv-mittelerde.com\/en\/wp-json\/wp\/v2\/types\/page"}],"author":[{"embeddable":true,"href":"https:\/\/zv-mittelerde.com\/en\/wp-json\/wp\/v2\/users\/1"}],"replies":[{"embeddable":true,"href":"https:\/\/zv-mittelerde.com\/en\/wp-json\/wp\/v2\/comments?post=2526"}],"version-history":[{"count":22,"href":"https:\/\/zv-mittelerde.com\/en\/wp-json\/wp\/v2\/pages\/2526\/revisions"}],"predecessor-version":[{"id":4029,"href":"https:\/\/zv-mittelerde.com\/en\/wp-json\/wp\/v2\/pages\/2526\/revisions\/4029"}],"wp:featuredmedia":[{"embeddable":true,"href":"https:\/\/zv-mittelerde.com\/en\/wp-json\/wp\/v2\/media\/3157"}],"wp:attachment":[{"href":"https:\/\/zv-mittelerde.com\/en\/wp-json\/wp\/v2\/media?parent=2526"}],"curies":[{"name":"wp","href":"https:\/\/api.w.org\/{rel}","templated":true}]}}