{"id":2529,"date":"2021-05-03T22:28:47","date_gmt":"2021-05-03T20:28:47","guid":{"rendered":"https:\/\/zv-mittelerde.com\/?page_id=2529"},"modified":"2025-10-13T17:47:32","modified_gmt":"2025-10-13T15:47:32","slug":"narcotique-de-muze-ii-qerly-chin","status":"publish","type":"page","link":"https:\/\/zv-mittelerde.com\/en\/narcotique-de-muze-ii-qerly-chin\/","title":{"rendered":"Qerly Chin"},"content":{"rendered":"<figure class=\"wp-block-image size-large\"><img data-opt-id=1570942474  fetchpriority=\"high\" loading=\"eager\" decoding=\"async\" width=\"1024\" height=\"724\" src=\"https:\/\/ml4lkx9mggju.i.optimole.com\/w:1024\/h:724\/q:mauto\/g:sm\/f:best\/ig:avif\/https:\/\/zv-mittelerde.com\/wp-content\/uploads\/2024\/07\/Folie1-2.png\" alt=\"\" class=\"wp-image-4017\" srcset=\"https:\/\/ml4lkx9mggju.i.optimole.com\/w:1024\/h:724\/q:mauto\/g:sm\/f:best\/ig:avif\/https:\/\/zv-mittelerde.com\/wp-content\/uploads\/2024\/07\/Folie1-2.png 1024w, https:\/\/ml4lkx9mggju.i.optimole.com\/w:300\/h:212\/q:mauto\/g:sm\/f:best\/ig:avif\/https:\/\/zv-mittelerde.com\/wp-content\/uploads\/2024\/07\/Folie1-2.png 300w, https:\/\/ml4lkx9mggju.i.optimole.com\/w:768\/h:543\/q:mauto\/g:sm\/f:best\/ig:avif\/https:\/\/zv-mittelerde.com\/wp-content\/uploads\/2024\/07\/Folie1-2.png 768w, https:\/\/ml4lkx9mggju.i.optimole.com\/w:1527\/h:1080\/q:mauto\/g:sm\/f:best\/ig:avif\/https:\/\/zv-mittelerde.com\/wp-content\/uploads\/2024\/07\/Folie1-2.png 1536w, https:\/\/ml4lkx9mggju.i.optimole.com\/w:1527\/h:1080\/q:mauto\/g:sm\/f:best\/ig:avif\/https:\/\/zv-mittelerde.com\/wp-content\/uploads\/2024\/07\/Folie1-2.png 2048w, https:\/\/ml4lkx9mggju.i.optimole.com\/w:18\/h:12\/q:mauto\/g:sm\/f:best\/ig:avif\/https:\/\/zv-mittelerde.com\/wp-content\/uploads\/2024\/07\/Folie1-2.png 18w, https:\/\/ml4lkx9mggju.i.optimole.com\/w:1320\/h:933\/q:mauto\/g:sm\/f:best\/ig:avif\/https:\/\/zv-mittelerde.com\/wp-content\/uploads\/2024\/07\/Folie1-2.png 1320w, https:\/\/ml4lkx9mggju.i.optimole.com\/w:1527\/h:1080\/q:mauto\/g:sm\/f:best\/ig:avif\/dpr:2\/https:\/\/zv-mittelerde.com\/wp-content\/uploads\/2024\/07\/Folie1-2.png 2x\" sizes=\"auto, (max-width: 750px) 100vw, 750px\" \/><\/figure>\n\n\n\n<p>The success story of&nbsp;<strong>Narcotique de Muze II&nbsp;<\/strong>with her offspring, already began with granddam Kerly and dam Qerly Chin, who were both successful at the highest jumping level. And in terms of breeding, it was&nbsp;<strong>Qerly Chin<\/strong>&nbsp;who gave this bloodline its incomparable genetics.<\/p>\n\n\n\n<p>Even while the young Qerly Chin (by Chin Chin x Pachat II) was slowly and carefully maturing for entry into the sport, you could already see her talent for the big stage. This was particularly evident in her willingness to perform, her seemingly endless scope as well as her enormous bounce and elasticity. Qerly Chin was a bundle of energy with character and attitude.<\/p>\n\n\n\n<p>There was no question for the successful Belgian breeder Joris de Brabander, who recognized the outstanding quality of this performance line very early on, to build up and expand the Qerly Chin line using the embryo transfer technique combined the genes of the best stallions in the world.<\/p>\n\n\n\n<p>Narcotique de Muze II (by Darco) was one of twelve offspring of Qerly Chin when she was only a young horse. Besides Narcotique de Muze II, there were famous Narcotique de Muze IV (by Quidam de Revel), Exquis Walnut de Muze and the outstanding Werly Chin de Muze (both by Nabab de Reve). Altogether there were 8 mares and 4 stallions in four years, all of whom with their children and grandchildren repeatedly draw attention to themselves.<\/p>\n\n\n\n<p>How strong the hereditary power is over many generations of the Qerly Chin dam line  can be shown very well using the example of Vagabond de la Pomme. His mother Sauterelle de la Pomme (by For Pleasure) jumped 1.45m with Patrice Delaveau, his grandmother Narcotique de Muze II (by Darco) with Eric Lamaze at 1.60m, his great-grandmother Qerly Chin (by Chin Chin) with Christophe Barbeau at 1.60m and his great-great-grandmother Kerly (by Pachat II) also jumped at 1.60m level with David Jobertie. And Vagabond de la Pomme himself jumped 1.60m under Penelope Leprevost and came second in the 2015 World Cup final in Las Vegas.<\/p>\n\n\n\n<p>In the \"Mittelerde\" stable, we tie in with this special dam line with our mare&nbsp;<a href=\"https:\/\/zv-mittelerde.com\/en\/pferde\/ulysse-de-la-pomme-z\/\">Ulysse de la Pomme,<\/a>&nbsp;Lizzy (her nickname) comes from Untouchable from Dame de la Pomme (by Vigo D\u2019Arsouilles), the full sister of Vagabond de la Pomme.<\/p>\n\n\n\n<p>Other names from this dam line are e.g. the Narcotique II sisters Merveille de Muze (Nabab de Reve), Narcotique Schutterhof (Tenor Manciais), Wallon de Muze (Nabab de Reve) and Inshallah de Muze, Daytona de Muze, Derly Chin de Muze and Killer Queen VDM (see graphic), Falaise de Muze , Diablesse de Muze, Freestyle de Muze, Denzel van't Meulenhof (see above), Jenson van't Meulenhof (see above), Farfelu de la Pomme, Gaillard de la Pomme, Kasanova de la Pomme as well as Querlybet Hero. All of them are or were internationally highly successful show jumpers - just exceptional athletes.<\/p>\n\n\n\n<p>This is exactly what makes this extremely sport-proven Belgian dam line 34 the most successful line of all times -&nbsp;<strong>the dam line of Qerly Chin.<\/strong><\/p>\n\n\n\n<p><strong>Our horses from this Dam Line<\/strong><br><a href=\"https:\/\/zv-mittelerde.com\/en\/pferde\/ulysse-de-la-pomme-z\/\">Ulysse de la Pomme (Lizzy ME)<\/a> &#8211; Zuchtstute<br><a href=\"https:\/\/zv-mittelerde.com\/en\/pferde\/thorin-von-der-mittelerde\/\">Thorin von der Mittelerde<\/a>- sold<br><a href=\"https:\/\/zv-mittelerde.com\/en\/pferde\/gondor-von-der-mittelerde\/\">Gondor von der Mittelerde<\/a> - sold<br><a href=\"https:\/\/zv-mittelerde.com\/en\/pferde\/kobra-von-der-mittelerde\/\">Kobra von der Mittelerde<\/a> - sold<br><a href=\"https:\/\/zv-mittelerde.com\/en\/pferde\/umbar-von-der-mittelerde\/\">Umbar von der Mittelerde<\/a> &#8211; Zuchtstute<br><a href=\"https:\/\/zv-mittelerde.com\/en\/pferde\/calma-von-der-mittelerde\/\">Calma von der Mittelerde<\/a> - sold<br><a href=\"https:\/\/zv-mittelerde.com\/en\/pferde\/carrock-von-der-mittelerde\/\">Carrock von der Mittelerde<\/a> - sold<br><a href=\"https:\/\/zv-mittelerde.com\/en\/pferde\/disa-von-der-mittelerde\/\">Disa von der Mittelerde<\/a> - sold<br><a href=\"https:\/\/zv-mittelerde.com\/en\/pferde\/ewing-von-der-mittelerde\/\">Elwing von der Mittelerde<\/a> - sold<br><a href=\"https:\/\/zv-mittelerde.com\/en\/pferde\/cardolan-von-der-mittelerde\/\">Cardolan von der Mittelerde<\/a> - sold<br><a href=\"https:\/\/zv-mittelerde.com\/en\/pferde\/coranar-von-der-mittelerde\/\">Coranar von der Mittelerde<\/a> - sold<\/p>","protected":false},"excerpt":{"rendered":"<p>Die Erfolgsgeschichte der&nbsp;Narcotique de Muze II&nbsp;mit ihren Nachkommen beginnt bereits bei Gro\u00dfmutter Kerly und Mutter Qerly Chin, die beide schon auf h\u00f6chstem Spring Niveau erfolgreich waren. Und z\u00fcchterisch war es&nbsp;Qerly Chin&nbsp;die diesem Stamm ihre unvergleichliche Genetik mitgegeben hat. Schon w\u00e4hrend die junge Qerly Chin (von Chin Chin x Pachat II) [&hellip;]<\/p>\n","protected":false},"author":1,"featured_media":0,"parent":0,"menu_order":0,"comment_status":"closed","ping_status":"closed","template":"","meta":{"advgb_blocks_editor_width":"","advgb_blocks_columns_visual_guide":"","_themeisle_gutenberg_block_has_review":false,"footnotes":""},"class_list":["post-2529","page","type-page","status-publish","hentry"],"coauthors":[],"author_meta":{"author_link":"https:\/\/zv-mittelerde.com\/en\/author\/3043413\/","display_name":"3043413"},"relative_dates":{"created":"Posted 5 years ago","modified":"Updated 6 months ago"},"absolute_dates":{"created":"Posted on 3. May 2021","modified":"Updated on 13. October 2025"},"absolute_dates_time":{"created":"Posted on 3. May 2021 22:28","modified":"Updated on 13. October 2025 17:47"},"featured_img_caption":"","featured_img":false,"series_order":"","_links":{"self":[{"href":"https:\/\/zv-mittelerde.com\/en\/wp-json\/wp\/v2\/pages\/2529","targetHints":{"allow":["GET"]}}],"collection":[{"href":"https:\/\/zv-mittelerde.com\/en\/wp-json\/wp\/v2\/pages"}],"about":[{"href":"https:\/\/zv-mittelerde.com\/en\/wp-json\/wp\/v2\/types\/page"}],"author":[{"embeddable":true,"href":"https:\/\/zv-mittelerde.com\/en\/wp-json\/wp\/v2\/users\/1"}],"replies":[{"embeddable":true,"href":"https:\/\/zv-mittelerde.com\/en\/wp-json\/wp\/v2\/comments?post=2529"}],"version-history":[{"count":27,"href":"https:\/\/zv-mittelerde.com\/en\/wp-json\/wp\/v2\/pages\/2529\/revisions"}],"predecessor-version":[{"id":4371,"href":"https:\/\/zv-mittelerde.com\/en\/wp-json\/wp\/v2\/pages\/2529\/revisions\/4371"}],"wp:attachment":[{"href":"https:\/\/zv-mittelerde.com\/en\/wp-json\/wp\/v2\/media?parent=2529"}],"curies":[{"name":"wp","href":"https:\/\/api.w.org\/{rel}","templated":true}]}}